{"id":8449,"date":"2026-02-03T10:44:44","date_gmt":"2026-02-03T17:44:44","guid":{"rendered":"https:\/\/chf-ca.papercrane.ca\/?page_id=8449"},"modified":"2026-03-10T15:38:47","modified_gmt":"2026-03-10T21:38:47","slug":"prestations-de-retraite","status":"publish","type":"page","link":"https:\/\/chf-ca.papercrane.ca\/fr\/programmes\/planification-des-actifs-et-des-finances\/prestations-de-retraite\/","title":{"rendered":"Prestations de retraite"},"content":{"rendered":"<section data-pc-section=\"tertiary-hero\" class=\"pc-block-wrapper pc-block-wrapper--default pc-block-wrapper-top--medium pc-block-wrapper-bottom--medium relative pt-24! lg:pt-56! lg:pb-6! flex flex-col lg:flex-row lg:items-center\">\n        \n    <div class=\"pc-container-lg \">\n        <div class=\"flex flex-col lg:flex-row gap-10\">\n            <div class=\"pt-8 lg:py-0 flex-1 flex flex-col items-start max-w-240\" data-stagger='true'>\n                                    <div class=\"inline-flex px-4 py-2 rounded-[120rem] text-base! leading-none tracking-wider font-medium text-dark-blue bg-light-blue mb-3\">\n  Adh\u00e9sion\n<\/div>\n                \n                                    <h2 class=\"text-[2rem]! lg:text-[3rem]! font-bold leading-[125%]! mb-4\">Prestations de retraite<\/h2>\n                \n                                            <\/div>\n                    <\/div>\n            <\/div>\n<\/section>\n\n\n<section data-pc-section=\"text-and-image\" class=\"pc-block-wrapper pc-block-wrapper--default pc-block-wrapper-top--medium pc-block-wrapper-bottom--medium relative \">\n        <div class=\"pc-container-lg\">\n        <div class=\"flex flex-col lg:flex-row gap-6 lg:gap-10 links-center\" data-stagger='true'>\n                            <div class=\"flex-1 flex relative links-center justify-center items-center \">\n                                                                                    <img decoding=\"async\"\n                        src=\"https:\/\/chf-ca.papercrane.ca\/wp-content\/uploads\/2026\/02\/4470f4039cc86802f6eed9c3f15ce70ed5bc0e7c.webp\"\n                        alt=\"\"\n                        class=\"w-full h-80 lg:h-160 max-h-80 lg:max-h-160 rounded-2xl object-cover\"\n                        >\n                                    <\/div>\n                        <div class=\"flex-1 flex flex-col lg:justify-center items-start bg-white pc-shadow-md px-4 py-6 lg:px-8 lg:py-10 rounded-2xl\">\n                \n                                                            <h4 class=\"font-bold! tracking-[0.04rem] mb-4\">Visionnez l\u2019enregistrement du webinaire (disponible en anglais) :<\/h4>\n                                    \n                                    <div class=\"mb-4 wysiwyg\"><h5>Mythes sur les r\u00e9gimes de retraite :<br \/>\n<strong>d\u00e9mystifi\u00e9s  l\u2019avantage coop\u00e9ratif<\/strong><\/h5>\n<p>Password: P@4fsm&amp;8<\/p>\n<\/div>\n                                                    <div class=\"flex flex-col lg:flex-row flex-wrap items-start lg:items-center gap-4\">\n                                                                                                                    <a class=\"group inline-flex items-center gap-2 transition-all no-underline! font-semibold group bg-dark-blue text-white px-6 py-3 rounded-sm hover:bg-very-dark-blue\" href=\"https:\/\/us06web.zoom.us\/rec\/component-page?eagerLoadZvaPages=&amp;accessLevel=meeting&amp;action=viewdetailpage&amp;sharelevel=meeting&amp;useWhichPasswd=meeting&amp;requestFrom=pwdCheck&amp;clusterId=us06&amp;componentName=need-password&amp;meetingId=4gwx46T0p5WSRVGc4-beeG5jFnJfj2Wm54tvrUpA5XvUaJo98jY0DhKUVl-NhVPa.EQYJDtt8kHhx8ak3&amp;originRequestUrl=https%3A%2F%2Fus06web.zoom.us%2Frec%2Fshare%2FhZLJOothr1gCFiHlo4pSG-DgcH8e82zUOSY8Iyd-Tunx-hQ0ldbY2HE6dUmvIRto.YB4JCuQn3XpRtbOB%3FstartTime%3D1762210931000\"  target=\"_blank\" rel=\"noopener noreferrer\" >\n  Watch Here\n                                                                            <svg aria-hidden=\"true\"  class=\"size-5 ml-1\"  xmlns=\"http:\/\/www.w3.org\/2000\/svg\" width=\"24\" height=\"24\" viewBox=\"0 0 24 24\" fill=\"none\">\n  <path d=\"M2.33938 14.5896C1.44846 11.2534 2.31164 7.54623 4.92893 4.92893C8.83418 1.02369 15.1658 1.02369 19.0711 4.92893C22.9763 8.83418 22.9763 15.1658 19.0711 19.0711C16.4538 21.6884 12.7466 22.5515 9.41045 21.6606M15.0001 15.0001V9.0001M15.0001 9.0001H9.00014M15.0001 9.0001L4.99995 19\" stroke=\"currentColor\" stroke-width=\"2\" stroke-linecap=\"round\" stroke-linejoin=\"round\"\/>\n<\/svg>\n\n  <\/a>\n                                                                        <\/div>\n                                                            <\/div>\n        <\/div>\n    <\/div>\n<\/section>\n\n\n<section data-pc-section=\"splitter\" class=\"pc-block-wrapper pc-block-wrapper--light-blue pc-block-wrapper-top--medium pc-block-wrapper-bottom--medium relative\">\n    \n    \n    <div class=\"pc-container-lg relative z-10 \">\n        \n        <div class=\"flex flex-col lg:flex-row gap-10 lg:gap-16 lg:items-start\">\n            <div class=\"flex-1 flex flex-col items-start lg:sticky lg:top-40\">\n                                                <div class=\"wysiwyg \">\n                    <p>Depuis plus de 30 ans, la FHCC a \u00e9t\u00e9 membre avec la Co\u2011operative Superannuation Society (CSS) pour offrir des prestations de retraite aux membres de son personnel. Maintenant, votre coop\u00e9rative d\u2019habitation peut en faire autant.<\/p>\n\n                <\/div>\n                            <\/div>\n                            <div class=\"flex-1 flex flex-col\" >\n                                                                <div class=\"flex flex-col gap-4 mb-16\" data-stagger=\"true\">\n                                                                                                                    <div class=\"wysiwyg\"><p>La CSS offre des solutions de retraite sp\u00e9cialis\u00e9es con\u00e7ues exclusivement pour les employeurs coop\u00e9ratifs. L\u2019ajout de la CSS \u00e0 votre programme de r\u00e9mun\u00e9ration globale est un excellent moyen de d\u00e9montrer votre engagement envers la viabilit\u00e9 \u00e0 long terme et le bien\u2011\u00eatre des membres du personnel.<\/p>\n<p>Gr\u00e2ce \u00e0 des options de conception flexibles, vous pouvez personnaliser les cotisations et d\u2019autres caract\u00e9ristiques du r\u00e9gime en fonction des besoins de votre organisation tout en soutenant le parcours des membres de votre personnel.<\/p>\n<\/div>\n                                                                                                            <\/div>\n                                    <\/div>\n                    <\/div>\n    <\/div>\n<\/section>\n\n\n<section data-pc-section=\"icons-section\" class=\"pc-block-wrapper pc-block-wrapper--default pc-block-wrapper-top--medium pc-block-wrapper-bottom--medium relative \">\n        <div class=\"pc-container-lg flex flex-col lg:flex-row gap-10 items-start relative\">\n                    <div class=\"flex-1 w-full lg:sticky lg:top-40\">\n                <img decoding=\"async\"\n                    src=\"https:\/\/chf-ca.papercrane.ca\/wp-content\/uploads\/2026\/02\/a8cbe6572b7c84806f1aa15610ce035793f03ddb.webp\"\n                    alt=\"\"\n                    class=\"w-full h-auto object-cover rounded-2xl\"\n                \/>\n            <\/div>\n        \n        <div class=\"lg:w-1\/2\">\n                            <div class=\"flex flex-col gap-8\">\n                                            <h2 class=\"mb-4 text-2xl! lg:text-[2rem]! leading-[125%]! font-bold\">Avantages<\/h2>\n                                                                <h3 class=\"mb-10 text-xl! lg:text-2xl! leading-[125%]! font-medium\">Les avantages d\u2019un partenariat avec la CSS sont nombreux, tant pour votre organisation patronale que pour les membres de votre personnel.<\/h3>\n                                                                                    <div class=\"flex flex-row lg:flex-col gap-6\">\n                                                            <div class=\"w-16 h-16 bg-[#DAE5F8] rounded-full flex items-center justify-center max-w-16 flex-1\">\n                                    <img decoding=\"async\"\n                                        src=\"https:\/\/chf-ca.papercrane.ca\/wp-content\/uploads\/2026\/02\/Icon.svg\"\n                                        alt=\"\"\n                                        class=\"w-10 h-10 object-contain\"\n                                    \/>\n                                <\/div>\n                                                        <div class=\"flex flex-col gap-6 flex-1\">\n                                                                    <div class=\"wysiwyg icon-card-content\"><h6>S\u00e9curit\u00e9 et stabilit\u00e9<\/h6>\n<p>En vous associant \u00e0 la CSS, vous b\u00e9n\u00e9ficiez d\u2019un soutien sp\u00e9cialis\u00e9 en mati\u00e8re d\u2019administration des r\u00e9gimes de retraite, ce qui vous permet de vous concentrer sur la gestion de votre entreprise, tout en contribuant \u00e0 assurer l\u2019avenir financier des membres de votre personnel gr\u00e2ce \u00e0 un r\u00e9gime \u00e9prouv\u00e9, rentable et g\u00e9r\u00e9 de fa\u00e7on professionnelle.<\/p>\n<\/div>\n                                \n                                                            <\/div>\n                        <\/div>\n                                            <div class=\"flex flex-row lg:flex-col gap-6\">\n                                                            <div class=\"w-16 h-16 bg-[#DAE5F8] rounded-full flex items-center justify-center max-w-16 flex-1\">\n                                    <img decoding=\"async\"\n                                        src=\"https:\/\/chf-ca.papercrane.ca\/wp-content\/uploads\/2026\/02\/Icon.svg\"\n                                        alt=\"\"\n                                        class=\"w-10 h-10 object-contain\"\n                                    \/>\n                                <\/div>\n                                                        <div class=\"flex flex-col gap-6 flex-1\">\n                                                                    <div class=\"wysiwyg icon-card-content\"><h6>Force collective<\/h6>\n<p>En unissant leurs efforts, les membres de votre personnel ont acc\u00e8s \u00e0 des prestations de retraite de grande qualit\u00e9 qui sont g\u00e9n\u00e9ralement r\u00e9serv\u00e9es aux grands employeurs. Gr\u00e2ce \u00e0 la flexibilit\u00e9 des cotisations, des placements et des prestations de retraite, la CSS aide les membres du personnel \u00e0 fa\u00e7onner leur plan de retraite, et les employeurs \u00e0 stimuler le recrutement, le maintien en poste et le moral des membres de leur personnel.<\/p>\n<\/div>\n                                \n                                                            <\/div>\n                        <\/div>\n                                            <div class=\"flex flex-row lg:flex-col gap-6\">\n                                                            <div class=\"w-16 h-16 bg-[#DAE5F8] rounded-full flex items-center justify-center max-w-16 flex-1\">\n                                    <img decoding=\"async\"\n                                        src=\"https:\/\/chf-ca.papercrane.ca\/wp-content\/uploads\/2026\/02\/Icon.svg\"\n                                        alt=\"\"\n                                        class=\"w-10 h-10 object-contain\"\n                                    \/>\n                                <\/div>\n                                                        <div class=\"flex flex-col gap-6 flex-1\">\n                                                                    <div class=\"wysiwyg icon-card-content\"><h6>Gouvernance ax\u00e9e sur les valeurs<\/h6>\n<p>G\u00e9r\u00e9e par les membres et dans l\u2019int\u00e9r\u00eat de ceux\u2011ci, dans un souci de transparence et de responsabilit\u00e9, la CSS est unique en son genre dans le secteur des r\u00e9gimes de retraite. Les membres du personnel et les employeurs membres ont leur mot \u00e0 dire dans toutes les activit\u00e9s de la Co\u2011operative Superannuation Society, une soci\u00e9t\u00e9 de r\u00e9gime de retraite sans but lucratif soumise \u00e0 un contr\u00f4le d\u00e9mocratique.<\/p>\n<\/div>\n                                \n                                                            <\/div>\n                        <\/div>\n                                            <div class=\"flex flex-row lg:flex-col gap-6\">\n                                                            <div class=\"w-16 h-16 bg-[#DAE5F8] rounded-full flex items-center justify-center max-w-16 flex-1\">\n                                    <img decoding=\"async\"\n                                        src=\"https:\/\/chf-ca.papercrane.ca\/wp-content\/uploads\/2026\/02\/Icon.svg\"\n                                        alt=\"\"\n                                        class=\"w-10 h-10 object-contain\"\n                                    \/>\n                                <\/div>\n                                                        <div class=\"flex flex-col gap-6 flex-1\">\n                                                                    <div class=\"wysiwyg icon-card-content\"><h6>Facilit\u00e9 et soutien<\/h6>\n<p>La CSS simplifie la planification de la retraite en proposant des outils et des conseils personnalis\u00e9s \u00e0 chaque \u00e9tape.<\/p>\n<\/div>\n                                \n                                                            <\/div>\n                        <\/div>\n                                    <\/div>\n                    <\/div>\n    <\/div>\n<\/section>\n\n\n<section data-pc-section=\"cta-with-image\" class=\"pc-block-wrapper pc-block-wrapper--default pc-block-wrapper-top--medium pc-block-wrapper-bottom--medium relative flex justify-end bg-white\">\n        <div class=\"relative flex flex-col-reverse lg:flex-col gap-10 pc-container-lg min-h-192 lg:px-10 justify-end\">\n        <div class=\"bg-white px-4 py-6 lg:bg-white\/90 flex flex-col lg:p-10 z-10 rounded-2xl lg:rounded-b-0 lg:rounded-t-2xl w-full\">\n                            <div class=\"flex flex-col lg:flex-row justify-center gap-10 mb-10\">\n                    <div class=\"flex-1 flex flex-col items-start\" data-stagger='true'>\n                                                <h3 class=\"mb-4 font-bold text-display-md! leading-display-md!\">\u00c0 propos de la CSS<\/h3>\n                        <div class=\"wysiwyg\"><\/div>\n                    <\/div>\n                    <div class=\"flex-1\" data-stagger='true'>\n                                                    <div class=\"wysiwyg\"><p>La CSS poss\u00e8de plus de 85 ans d\u2019exp\u00e9rience fiable et s\u2019est d\u00e9velopp\u00e9e pour servir environ 330 employeurs participants et 57 000 membres du personnel actuels et anciens de coop\u00e9ratives et de caisses d\u2019\u00e9pargne et de cr\u00e9dit \u00e0 travers le Canada. Avec un actif administr\u00e9 de 5 milliards de dollars, le r\u00e9gime de retraite de la CSS est l\u2019un des r\u00e9gimes de retraite \u00e0 cotisations d\u00e9termin\u00e9es les plus importants au Canada, cr\u00e9\u00e9 par des coop\u00e9ratives, pour des coop\u00e9ratives.<\/p>\n<p>En plus d\u2019administrer le r\u00e9gime de retraite de la CSS, la soci\u00e9t\u00e9 soutient et sert le secteur coop\u00e9ratif en fournissant des services de placement et d\u2019administration de r\u00e9gimes de retraite \u00e0 prestations d\u00e9termin\u00e9es ainsi que des services de planification des r\u00e9gimes de retraite et du revenu de retraite.<\/p>\n<\/div>\n                                            <\/div>\n                <\/div>\n                <div class=\"flex flex-col items-start\" data-stagger='true'>\n                                                        <\/div>\n                    <\/div>\n        <img decoding=\"async\" src=\"https:\/\/chf-ca.papercrane.ca\/wp-content\/uploads\/2026\/02\/4676cf2055b41134758e12056632f735a83188fd.webp\" alt=\"\" class=\"static lg:absolute top-0 left-0 w-full h-full max-h-80 lg:max-h-full object-cover z-1 rounded-2xl\" data-parallax-position\/>\n    <\/div>\n<\/section>\n\n\n<section data-pc-section=\"cta-block\" class=\"pc-block-wrapper pc-block-wrapper--default pc-block-wrapper-top--medium pc-block-wrapper-bottom--medium relative max-lg:bg-very-dark-blue\">\n        <div class=\"pc-container-lg relative overflow-hidden flex flex-col lg:rounded-2xl items-center text-center lg:bg-very-dark-blue text-white py-6 lg:pl-16 lg:pt-16 lg:pr-10 lg:pb-20\">\n    <img decoding=\"async\" src=\"https:\/\/chf-ca.papercrane.ca\/wp-content\/themes\/chf-canada\/public\/build\/assets\/house-bg-DmgzR3B5.svg\" alt=\"\" class=\"hidden lg:block opacity-5 h-104 w-104 absolute -right-16 top-0\" data-parallax-transform>    \n    \n                    <h2 class=\"mb-4 text-[2rem]! lg:text-[3rem]! font-bold leading-[125%]! z-2\">Vous voulez en savoir plus?<\/h2>\n                            <h3 class=\"mb-4 text-2xl! lg:text-2xl! leading-[125%]! z-2\">D\u00e9couvrez comment la CSS peut vous aider \u00e0 offrir des prestations de retraite qui correspondent aux valeurs de votre coop\u00e9rative et \u00e0 l\u2019avenir des membres de votre personnel.<\/h3>\n        \n                    <div class=\"wysiwyg z-2\"><p>Communiquez avec nous d\u00e8s aujourd\u2019hui pour commencer.<\/p>\n<\/div>\n        \n                    <div class=\"flex flex-col lg:flex-row flex-wrap gap-4 justify-center items-center z-2\">\n                                    \n                                            <a class=\"group inline-flex items-center gap-2 transition-all no-underline! font-semibold group bg-white text-dark-blue px-6 py-3 rounded-sm hover:bg-gray-100 z-2\" href=\"https:\/\/forms.office.com\/pages\/responsepage.aspx?id=fIw0YBsO7EqJ9DqozOhSQrfgz7qVGWhOueVSAz4TV1pUQlRJQVhUOVhCMUE2UVhYQ0RMRUpXRzNJTi4u&amp;route=shorturl\" >\n  J\u2019aimerais en savoir plus. \u00c7a m\u2019int\u00e9resse.\n\n      <svg aria-hidden=\"true\"  class=\"transition-transform translate-x-0 group-hover:translate-x-1\"  xmlns=\"http:\/\/www.w3.org\/2000\/svg\" width=\"24\" height=\"24\" viewBox=\"0 0 24 24\" fill=\"none\">\n  <path d=\"M12 16L16 12M16 12L12 8M16 12H8M22 12C22 17.5228 17.5228 22 12 22C6.47715 22 2 17.5228 2 12C2 6.47715 6.47715 2 12 2C17.5228 2 22 6.47715 22 12Z\" stroke=\"currentColor\" stroke-width=\"2\" stroke-linecap=\"round\" stroke-linejoin=\"round\"\/>\n<\/svg>  <\/a>\n                                                <\/div>\n            <\/div>\n<\/section>\n","protected":false},"excerpt":{"rendered":"","protected":false},"author":2,"featured_media":0,"parent":5351,"menu_order":0,"comment_status":"closed","ping_status":"closed","template":"","meta":{"_acf_changed":false,"footnotes":""},"class_list":["post-8449","page","type-page","status-publish","hentry"],"acf":[],"yoast_head":"<!-- This site is optimized with the Yoast SEO plugin v27.2 - https:\/\/yoast.com\/product\/yoast-seo-wordpress\/ -->\n<title>Prestations de retraite - CHF Canada<\/title>\n<meta name=\"robots\" content=\"noindex, follow, max-snippet:-1, max-image-preview:large, max-video-preview:-1\" \/>\n<meta property=\"og:locale\" content=\"fr_FR\" \/>\n<meta property=\"og:type\" content=\"article\" \/>\n<meta property=\"og:title\" content=\"Prestations de retraite - CHF Canada\" \/>\n<meta property=\"og:url\" content=\"https:\/\/chf-ca.papercrane.ca\/fr\/programmes\/planification-des-actifs-et-des-finances\/prestations-de-retraite\/\" \/>\n<meta property=\"og:site_name\" content=\"CHF Canada\" \/>\n<meta property=\"article:publisher\" content=\"https:\/\/www.facebook.com\/chfcanada\/\" \/>\n<meta property=\"article:modified_time\" content=\"2026-03-10T21:38:47+00:00\" \/>\n<meta name=\"twitter:card\" content=\"summary_large_image\" \/>\n<meta name=\"twitter:site\" content=\"@chfcanada\" \/>\n<script type=\"application\/ld+json\" class=\"yoast-schema-graph\">{\"@context\":\"https:\/\/schema.org\",\"@graph\":[{\"@type\":\"WebPage\",\"@id\":\"https:\/\/chf-ca.papercrane.ca\/fr\/programmes\/planification-des-actifs-et-des-finances\/prestations-de-retraite\/\",\"url\":\"https:\/\/chf-ca.papercrane.ca\/fr\/programmes\/planification-des-actifs-et-des-finances\/prestations-de-retraite\/\",\"name\":\"Prestations de retraite - CHF Canada\",\"isPartOf\":{\"@id\":\"https:\/\/chf-ca.papercrane.ca\/#website\"},\"datePublished\":\"2026-02-03T17:44:44+00:00\",\"dateModified\":\"2026-03-10T21:38:47+00:00\",\"breadcrumb\":{\"@id\":\"https:\/\/chf-ca.papercrane.ca\/fr\/programmes\/planification-des-actifs-et-des-finances\/prestations-de-retraite\/#breadcrumb\"},\"inLanguage\":\"fr-FR\",\"potentialAction\":[{\"@type\":\"ReadAction\",\"target\":[\"https:\/\/chf-ca.papercrane.ca\/fr\/programmes\/planification-des-actifs-et-des-finances\/prestations-de-retraite\/\"]}]},{\"@type\":\"BreadcrumbList\",\"@id\":\"https:\/\/chf-ca.papercrane.ca\/fr\/programmes\/planification-des-actifs-et-des-finances\/prestations-de-retraite\/#breadcrumb\",\"itemListElement\":[{\"@type\":\"ListItem\",\"position\":1,\"name\":\"Home\",\"item\":\"https:\/\/chf-ca.papercrane.ca\/fr\/\"},{\"@type\":\"ListItem\",\"position\":2,\"name\":\"Programmes\",\"item\":\"https:\/\/chf-ca.papercrane.ca\/fr\/programmes\/\"},{\"@type\":\"ListItem\",\"position\":3,\"name\":\"Planification des actifs et des finances\",\"item\":\"https:\/\/chf-ca.papercrane.ca\/fr\/programmes\/planification-des-actifs-et-des-finances\/\"},{\"@type\":\"ListItem\",\"position\":4,\"name\":\"Prestations de retraite\"}]},{\"@type\":\"WebSite\",\"@id\":\"https:\/\/chf-ca.papercrane.ca\/#website\",\"url\":\"https:\/\/chf-ca.papercrane.ca\/\",\"name\":\"Co-operative Housing Federation Of Canada\",\"description\":\"CHF Canada\",\"publisher\":{\"@id\":\"https:\/\/chf-ca.papercrane.ca\/#organization\"},\"potentialAction\":[{\"@type\":\"SearchAction\",\"target\":{\"@type\":\"EntryPoint\",\"urlTemplate\":\"https:\/\/chf-ca.papercrane.ca\/?s={search_term_string}\"},\"query-input\":{\"@type\":\"PropertyValueSpecification\",\"valueRequired\":true,\"valueName\":\"search_term_string\"}}],\"inLanguage\":\"fr-FR\"},{\"@type\":\"Organization\",\"@id\":\"https:\/\/chf-ca.papercrane.ca\/#organization\",\"name\":\"Co-operative Housing Federation Of Canada\",\"url\":\"https:\/\/chf-ca.papercrane.ca\/\",\"logo\":{\"@type\":\"ImageObject\",\"inLanguage\":\"fr-FR\",\"@id\":\"https:\/\/chf-ca.papercrane.ca\/#\/schema\/logo\/image\/\",\"url\":\"https:\/\/chf-ca.papercrane.ca\/wp-content\/uploads\/2026\/02\/logo.svg\",\"contentUrl\":\"https:\/\/chf-ca.papercrane.ca\/wp-content\/uploads\/2026\/02\/logo.svg\",\"width\":1,\"height\":1,\"caption\":\"Co-operative Housing Federation Of Canada\"},\"image\":{\"@id\":\"https:\/\/chf-ca.papercrane.ca\/#\/schema\/logo\/image\/\"},\"sameAs\":[\"https:\/\/www.facebook.com\/chfcanada\/\",\"https:\/\/x.com\/chfcanada\",\"https:\/\/www.instagram.com\/chfcanada\/\",\"https:\/\/www.linkedin.com\/company\/chf-canada\"]}]}<\/script>\n<!-- \/ Yoast SEO plugin. -->","yoast_head_json":{"title":"Prestations de retraite - CHF Canada","robots":{"index":"noindex","follow":"follow","max-snippet":"max-snippet:-1","max-image-preview":"max-image-preview:large","max-video-preview":"max-video-preview:-1"},"og_locale":"fr_FR","og_type":"article","og_title":"Prestations de retraite - CHF Canada","og_url":"https:\/\/chf-ca.papercrane.ca\/fr\/programmes\/planification-des-actifs-et-des-finances\/prestations-de-retraite\/","og_site_name":"CHF Canada","article_publisher":"https:\/\/www.facebook.com\/chfcanada\/","article_modified_time":"2026-03-10T21:38:47+00:00","twitter_card":"summary_large_image","twitter_site":"@chfcanada","schema":{"@context":"https:\/\/schema.org","@graph":[{"@type":"WebPage","@id":"https:\/\/chf-ca.papercrane.ca\/fr\/programmes\/planification-des-actifs-et-des-finances\/prestations-de-retraite\/","url":"https:\/\/chf-ca.papercrane.ca\/fr\/programmes\/planification-des-actifs-et-des-finances\/prestations-de-retraite\/","name":"Prestations de retraite - CHF Canada","isPartOf":{"@id":"https:\/\/chf-ca.papercrane.ca\/#website"},"datePublished":"2026-02-03T17:44:44+00:00","dateModified":"2026-03-10T21:38:47+00:00","breadcrumb":{"@id":"https:\/\/chf-ca.papercrane.ca\/fr\/programmes\/planification-des-actifs-et-des-finances\/prestations-de-retraite\/#breadcrumb"},"inLanguage":"fr-FR","potentialAction":[{"@type":"ReadAction","target":["https:\/\/chf-ca.papercrane.ca\/fr\/programmes\/planification-des-actifs-et-des-finances\/prestations-de-retraite\/"]}]},{"@type":"BreadcrumbList","@id":"https:\/\/chf-ca.papercrane.ca\/fr\/programmes\/planification-des-actifs-et-des-finances\/prestations-de-retraite\/#breadcrumb","itemListElement":[{"@type":"ListItem","position":1,"name":"Home","item":"https:\/\/chf-ca.papercrane.ca\/fr\/"},{"@type":"ListItem","position":2,"name":"Programmes","item":"https:\/\/chf-ca.papercrane.ca\/fr\/programmes\/"},{"@type":"ListItem","position":3,"name":"Planification des actifs et des finances","item":"https:\/\/chf-ca.papercrane.ca\/fr\/programmes\/planification-des-actifs-et-des-finances\/"},{"@type":"ListItem","position":4,"name":"Prestations de retraite"}]},{"@type":"WebSite","@id":"https:\/\/chf-ca.papercrane.ca\/#website","url":"https:\/\/chf-ca.papercrane.ca\/","name":"Co-operative Housing Federation Of Canada","description":"CHF Canada","publisher":{"@id":"https:\/\/chf-ca.papercrane.ca\/#organization"},"potentialAction":[{"@type":"SearchAction","target":{"@type":"EntryPoint","urlTemplate":"https:\/\/chf-ca.papercrane.ca\/?s={search_term_string}"},"query-input":{"@type":"PropertyValueSpecification","valueRequired":true,"valueName":"search_term_string"}}],"inLanguage":"fr-FR"},{"@type":"Organization","@id":"https:\/\/chf-ca.papercrane.ca\/#organization","name":"Co-operative Housing Federation Of Canada","url":"https:\/\/chf-ca.papercrane.ca\/","logo":{"@type":"ImageObject","inLanguage":"fr-FR","@id":"https:\/\/chf-ca.papercrane.ca\/#\/schema\/logo\/image\/","url":"https:\/\/chf-ca.papercrane.ca\/wp-content\/uploads\/2026\/02\/logo.svg","contentUrl":"https:\/\/chf-ca.papercrane.ca\/wp-content\/uploads\/2026\/02\/logo.svg","width":1,"height":1,"caption":"Co-operative Housing Federation Of Canada"},"image":{"@id":"https:\/\/chf-ca.papercrane.ca\/#\/schema\/logo\/image\/"},"sameAs":["https:\/\/www.facebook.com\/chfcanada\/","https:\/\/x.com\/chfcanada","https:\/\/www.instagram.com\/chfcanada\/","https:\/\/www.linkedin.com\/company\/chf-canada"]}]}},"_links":{"self":[{"href":"https:\/\/chf-ca.papercrane.ca\/fr\/wp-json\/wp\/v2\/pages\/8449","targetHints":{"allow":["GET"]}}],"collection":[{"href":"https:\/\/chf-ca.papercrane.ca\/fr\/wp-json\/wp\/v2\/pages"}],"about":[{"href":"https:\/\/chf-ca.papercrane.ca\/fr\/wp-json\/wp\/v2\/types\/page"}],"author":[{"embeddable":true,"href":"https:\/\/chf-ca.papercrane.ca\/fr\/wp-json\/wp\/v2\/users\/2"}],"replies":[{"embeddable":true,"href":"https:\/\/chf-ca.papercrane.ca\/fr\/wp-json\/wp\/v2\/comments?post=8449"}],"version-history":[{"count":1,"href":"https:\/\/chf-ca.papercrane.ca\/fr\/wp-json\/wp\/v2\/pages\/8449\/revisions"}],"predecessor-version":[{"id":8453,"href":"https:\/\/chf-ca.papercrane.ca\/fr\/wp-json\/wp\/v2\/pages\/8449\/revisions\/8453"}],"up":[{"embeddable":true,"href":"https:\/\/chf-ca.papercrane.ca\/fr\/wp-json\/wp\/v2\/pages\/5351"}],"wp:attachment":[{"href":"https:\/\/chf-ca.papercrane.ca\/fr\/wp-json\/wp\/v2\/media?parent=8449"}],"curies":[{"name":"wp","href":"https:\/\/api.w.org\/{rel}","templated":true}]}}