{"id":5443,"date":"2026-01-08T16:48:28","date_gmt":"2026-01-08T23:48:28","guid":{"rendered":"https:\/\/chf-ca.papercrane.ca\/?page_id=5443"},"modified":"2026-02-26T13:44:34","modified_gmt":"2026-02-26T20:44:34","slug":"politique-de-confidentialite","status":"publish","type":"page","link":"https:\/\/chf-ca.papercrane.ca\/fr\/politique-de-confidentialite\/","title":{"rendered":"Politique de confidentialit\u00e9"},"content":{"rendered":"<section data-pc-section=\"tertiary-hero\" class=\"pc-block-wrapper pc-block-wrapper--default pc-block-wrapper-top--medium pc-block-wrapper-bottom--none relative pt-24! lg:pt-56! lg:pb-6! flex flex-col lg:flex-row lg:items-center\">\n        \n    <div class=\"pc-container-lg \">\n        <div class=\"flex flex-col lg:flex-row gap-10\">\n            <div class=\"pt-8 lg:py-0 flex-1 flex flex-col items-start max-w-240\" data-stagger='true'>\n                \n                                    <h2 class=\"text-[2rem]! lg:text-[3rem]! font-bold leading-[125%]! mb-4\">Politique de confidentialit\u00e9<\/h2>\n                \n                                            <\/div>\n                    <\/div>\n            <\/div>\n<\/section>\n\n\n<section data-pc-section=\"splitter\" class=\"pc-block-wrapper pc-block-wrapper--default pc-block-wrapper-top--medium pc-block-wrapper-bottom--medium relative\">\n    \n    \n    <div class=\"pc-container-lg relative z-10 \">\n        \n        <div class=\"flex flex-col lg:flex-row gap-10 lg:gap-16 lg:items-start\">\n            <div class=\"flex-1 flex flex-col items-start lg:sticky lg:top-40\">\n                                                <div class=\"wysiwyg lg:max-w-240\">\n                    <p>\u00c0 la FHCC, nous respectons la vie priv\u00e9e. Nos membres consid\u00e8rent que la protection de la vie priv\u00e9e est importante. C\u2019est la raison pour laquelle nous avons toujours respect\u00e9 la vie priv\u00e9e de nos coop\u00e9ratives membres et les renseignements personnels des gens qui y vivent.<\/p>\n<p>Aujourd\u2019hui, les gens savent pourquoi les organismes recueillent de l\u2019information \u00e0 des fins utiles et appropri\u00e9es.<\/p>\n<p>Voici un r\u00e9sum\u00e9 des pratiques de la FHCC concernant la protection de la vie priv\u00e9e.<\/p>\n<h5>Pourquoi nous recueillons des renseignements personnels<\/h5>\n<p>La FHCC recueille et conserve des renseignements de base au sujet de nos membres afin que nous puissions g\u00e9rer, \u00e9largir et renforcer nos activit\u00e9s, y compris les services aux membres. \u00c0 mesure que nous apprenons \u00e0 mieux conna\u00eetre les besoins et les pr\u00e9f\u00e9rences de nos membres, nous pouvons trouver de meilleures fa\u00e7ons de les servir. En exer\u00e7ant nos activit\u00e9s pour servir nos membres, la FHCC s\u2019engage \u00e0 :<\/p>\n<ul>\n<li>prot\u00e9ger vos renseignements personnels en appliquant les mesures de s\u00e9curit\u00e9 appropri\u00e9es;<\/li>\n<li>prot\u00e9ger la confidentialit\u00e9 des renseignements personnels;<\/li>\n<li>veiller \u00e0 ce que vos renseignements personnels soient les plus exacts et \u00e0 jour possible; et<\/li>\n<li>respecter toute demande de votre part en vue d\u2019acc\u00e9der ou de modifier vos renseignements personnels.<\/li>\n<\/ul>\n<p>Nous aimerions que vous nous laissiez continuer de recueillir, d\u2019utiliser et de divulguer vos renseignements personnels aux fins mentionn\u00e9es ci-haut. Mais le choix est le v\u00f4tre. Ce sont vos renseignements personnels. Vous pouvez refuser ou retirer votre consentement de l\u2019une ou l\u2019autre des mani\u00e8res suivantes :<\/p>\n<ul>\n<li>Votre nom peut \u00eatre enlev\u00e9 de nos listes de num\u00e9ros de t\u00e9l\u00e9phone, de courrier, de courriel, de bulletin \u00e9lectronique et\/ou de la section r\u00e9serv\u00e9e aux membres \u00e0 tout moment. Nous utilisons ces listes pour vous informer des produits et des services pertinents ainsi que des offres sp\u00e9ciales dont vous pourriez b\u00e9n\u00e9ficier.<\/li>\n<li>Vous pouvez refuser de nous fournir des renseignements personnels. Vous pouvez \u00e9galement retirer votre consentement \u00e0 tout moment, sous r\u00e9serve des restrictions juridiques ou contractuelles et moyennant un avis raisonnable.<\/li>\n<\/ul>\n<p>Dans l\u2019un ou l\u2019autre des cas, cela pourrait limiter notre capacit\u00e9 de vous servir.<\/p>\n<p>La FHCC continuera de surveiller l\u2019utilisation des renseignements que vous fournissez ainsi qu\u2019\u00e0 assurer la protection de votre vie priv\u00e9e.<\/p>\n\n                <\/div>\n                            <\/div>\n                    <\/div>\n    <\/div>\n<\/section>\n","protected":false},"excerpt":{"rendered":"","protected":false},"author":2,"featured_media":0,"parent":0,"menu_order":11,"comment_status":"closed","ping_status":"open","template":"","meta":{"_acf_changed":false,"footnotes":""},"class_list":["post-5443","page","type-page","status-publish","hentry"],"acf":[],"yoast_head":"<!-- This site is optimized with the Yoast SEO plugin v27.2 - https:\/\/yoast.com\/product\/yoast-seo-wordpress\/ -->\n<title>Politique de confidentialit\u00e9 - CHF Canada<\/title>\n<meta name=\"robots\" content=\"noindex, follow, max-snippet:-1, max-image-preview:large, max-video-preview:-1\" \/>\n<meta property=\"og:locale\" content=\"fr_FR\" \/>\n<meta property=\"og:type\" content=\"article\" \/>\n<meta property=\"og:title\" content=\"Politique de confidentialit\u00e9 - CHF Canada\" \/>\n<meta property=\"og:url\" content=\"https:\/\/chf-ca.papercrane.ca\/fr\/politique-de-confidentialite\/\" \/>\n<meta property=\"og:site_name\" content=\"CHF Canada\" \/>\n<meta property=\"article:publisher\" content=\"https:\/\/www.facebook.com\/chfcanada\/\" \/>\n<meta property=\"article:modified_time\" content=\"2026-02-26T20:44:34+00:00\" \/>\n<meta name=\"twitter:card\" content=\"summary_large_image\" \/>\n<meta name=\"twitter:site\" content=\"@chfcanada\" \/>\n<script type=\"application\/ld+json\" class=\"yoast-schema-graph\">{\"@context\":\"https:\/\/schema.org\",\"@graph\":[{\"@type\":\"WebPage\",\"@id\":\"https:\/\/chf-ca.papercrane.ca\/fr\/politique-de-confidentialite\/\",\"url\":\"https:\/\/chf-ca.papercrane.ca\/fr\/politique-de-confidentialite\/\",\"name\":\"Politique de confidentialit\u00e9 - CHF Canada\",\"isPartOf\":{\"@id\":\"https:\/\/chf-ca.papercrane.ca\/#website\"},\"datePublished\":\"2026-01-08T23:48:28+00:00\",\"dateModified\":\"2026-02-26T20:44:34+00:00\",\"breadcrumb\":{\"@id\":\"https:\/\/chf-ca.papercrane.ca\/fr\/politique-de-confidentialite\/#breadcrumb\"},\"inLanguage\":\"fr-FR\",\"potentialAction\":[{\"@type\":\"ReadAction\",\"target\":[\"https:\/\/chf-ca.papercrane.ca\/fr\/politique-de-confidentialite\/\"]}]},{\"@type\":\"BreadcrumbList\",\"@id\":\"https:\/\/chf-ca.papercrane.ca\/fr\/politique-de-confidentialite\/#breadcrumb\",\"itemListElement\":[{\"@type\":\"ListItem\",\"position\":1,\"name\":\"Home\",\"item\":\"https:\/\/chf-ca.papercrane.ca\/fr\/\"},{\"@type\":\"ListItem\",\"position\":2,\"name\":\"Politique de confidentialit\u00e9\"}]},{\"@type\":\"WebSite\",\"@id\":\"https:\/\/chf-ca.papercrane.ca\/#website\",\"url\":\"https:\/\/chf-ca.papercrane.ca\/\",\"name\":\"Co-operative Housing Federation Of Canada\",\"description\":\"CHF Canada\",\"publisher\":{\"@id\":\"https:\/\/chf-ca.papercrane.ca\/#organization\"},\"potentialAction\":[{\"@type\":\"SearchAction\",\"target\":{\"@type\":\"EntryPoint\",\"urlTemplate\":\"https:\/\/chf-ca.papercrane.ca\/?s={search_term_string}\"},\"query-input\":{\"@type\":\"PropertyValueSpecification\",\"valueRequired\":true,\"valueName\":\"search_term_string\"}}],\"inLanguage\":\"fr-FR\"},{\"@type\":\"Organization\",\"@id\":\"https:\/\/chf-ca.papercrane.ca\/#organization\",\"name\":\"Co-operative Housing Federation Of Canada\",\"url\":\"https:\/\/chf-ca.papercrane.ca\/\",\"logo\":{\"@type\":\"ImageObject\",\"inLanguage\":\"fr-FR\",\"@id\":\"https:\/\/chf-ca.papercrane.ca\/#\/schema\/logo\/image\/\",\"url\":\"https:\/\/chf-ca.papercrane.ca\/wp-content\/uploads\/2026\/02\/logo.svg\",\"contentUrl\":\"https:\/\/chf-ca.papercrane.ca\/wp-content\/uploads\/2026\/02\/logo.svg\",\"width\":1,\"height\":1,\"caption\":\"Co-operative Housing Federation Of Canada\"},\"image\":{\"@id\":\"https:\/\/chf-ca.papercrane.ca\/#\/schema\/logo\/image\/\"},\"sameAs\":[\"https:\/\/www.facebook.com\/chfcanada\/\",\"https:\/\/x.com\/chfcanada\",\"https:\/\/www.instagram.com\/chfcanada\/\",\"https:\/\/www.linkedin.com\/company\/chf-canada\"]}]}<\/script>\n<!-- \/ Yoast SEO plugin. -->","yoast_head_json":{"title":"Politique de confidentialit\u00e9 - CHF Canada","robots":{"index":"noindex","follow":"follow","max-snippet":"max-snippet:-1","max-image-preview":"max-image-preview:large","max-video-preview":"max-video-preview:-1"},"og_locale":"fr_FR","og_type":"article","og_title":"Politique de confidentialit\u00e9 - CHF Canada","og_url":"https:\/\/chf-ca.papercrane.ca\/fr\/politique-de-confidentialite\/","og_site_name":"CHF Canada","article_publisher":"https:\/\/www.facebook.com\/chfcanada\/","article_modified_time":"2026-02-26T20:44:34+00:00","twitter_card":"summary_large_image","twitter_site":"@chfcanada","schema":{"@context":"https:\/\/schema.org","@graph":[{"@type":"WebPage","@id":"https:\/\/chf-ca.papercrane.ca\/fr\/politique-de-confidentialite\/","url":"https:\/\/chf-ca.papercrane.ca\/fr\/politique-de-confidentialite\/","name":"Politique de confidentialit\u00e9 - CHF Canada","isPartOf":{"@id":"https:\/\/chf-ca.papercrane.ca\/#website"},"datePublished":"2026-01-08T23:48:28+00:00","dateModified":"2026-02-26T20:44:34+00:00","breadcrumb":{"@id":"https:\/\/chf-ca.papercrane.ca\/fr\/politique-de-confidentialite\/#breadcrumb"},"inLanguage":"fr-FR","potentialAction":[{"@type":"ReadAction","target":["https:\/\/chf-ca.papercrane.ca\/fr\/politique-de-confidentialite\/"]}]},{"@type":"BreadcrumbList","@id":"https:\/\/chf-ca.papercrane.ca\/fr\/politique-de-confidentialite\/#breadcrumb","itemListElement":[{"@type":"ListItem","position":1,"name":"Home","item":"https:\/\/chf-ca.papercrane.ca\/fr\/"},{"@type":"ListItem","position":2,"name":"Politique de confidentialit\u00e9"}]},{"@type":"WebSite","@id":"https:\/\/chf-ca.papercrane.ca\/#website","url":"https:\/\/chf-ca.papercrane.ca\/","name":"Co-operative Housing Federation Of Canada","description":"CHF Canada","publisher":{"@id":"https:\/\/chf-ca.papercrane.ca\/#organization"},"potentialAction":[{"@type":"SearchAction","target":{"@type":"EntryPoint","urlTemplate":"https:\/\/chf-ca.papercrane.ca\/?s={search_term_string}"},"query-input":{"@type":"PropertyValueSpecification","valueRequired":true,"valueName":"search_term_string"}}],"inLanguage":"fr-FR"},{"@type":"Organization","@id":"https:\/\/chf-ca.papercrane.ca\/#organization","name":"Co-operative Housing Federation Of Canada","url":"https:\/\/chf-ca.papercrane.ca\/","logo":{"@type":"ImageObject","inLanguage":"fr-FR","@id":"https:\/\/chf-ca.papercrane.ca\/#\/schema\/logo\/image\/","url":"https:\/\/chf-ca.papercrane.ca\/wp-content\/uploads\/2026\/02\/logo.svg","contentUrl":"https:\/\/chf-ca.papercrane.ca\/wp-content\/uploads\/2026\/02\/logo.svg","width":1,"height":1,"caption":"Co-operative Housing Federation Of Canada"},"image":{"@id":"https:\/\/chf-ca.papercrane.ca\/#\/schema\/logo\/image\/"},"sameAs":["https:\/\/www.facebook.com\/chfcanada\/","https:\/\/x.com\/chfcanada","https:\/\/www.instagram.com\/chfcanada\/","https:\/\/www.linkedin.com\/company\/chf-canada"]}]}},"_links":{"self":[{"href":"https:\/\/chf-ca.papercrane.ca\/fr\/wp-json\/wp\/v2\/pages\/5443","targetHints":{"allow":["GET"]}}],"collection":[{"href":"https:\/\/chf-ca.papercrane.ca\/fr\/wp-json\/wp\/v2\/pages"}],"about":[{"href":"https:\/\/chf-ca.papercrane.ca\/fr\/wp-json\/wp\/v2\/types\/page"}],"author":[{"embeddable":true,"href":"https:\/\/chf-ca.papercrane.ca\/fr\/wp-json\/wp\/v2\/users\/2"}],"replies":[{"embeddable":true,"href":"https:\/\/chf-ca.papercrane.ca\/fr\/wp-json\/wp\/v2\/comments?post=5443"}],"version-history":[{"count":1,"href":"https:\/\/chf-ca.papercrane.ca\/fr\/wp-json\/wp\/v2\/pages\/5443\/revisions"}],"predecessor-version":[{"id":5444,"href":"https:\/\/chf-ca.papercrane.ca\/fr\/wp-json\/wp\/v2\/pages\/5443\/revisions\/5444"}],"wp:attachment":[{"href":"https:\/\/chf-ca.papercrane.ca\/fr\/wp-json\/wp\/v2\/media?parent=5443"}],"curies":[{"name":"wp","href":"https:\/\/api.w.org\/{rel}","templated":true}]}}