{"id":5395,"date":"2026-01-28T11:48:27","date_gmt":"2026-01-28T18:48:27","guid":{"rendered":"https:\/\/chf-ca.papercrane.ca\/?page_id=5395"},"modified":"2026-02-26T12:20:48","modified_gmt":"2026-02-26T19:20:48","slug":"faits-et-chiffres","status":"publish","type":"page","link":"https:\/\/chf-ca.papercrane.ca\/fr\/a-propos-des-cooperatives-dhabitation\/faits-et-chiffres\/","title":{"rendered":"Faits et chiffres"},"content":{"rendered":"<section data-pc-section=\"tertiary-hero\" class=\"pc-block-wrapper pc-block-wrapper--default pc-block-wrapper-top--medium pc-block-wrapper-bottom--medium relative pt-24! lg:pt-56! lg:pb-6! flex flex-col lg:flex-row lg:items-center\">\n        \n    <div class=\"pc-container-lg \">\n        <div class=\"flex flex-col lg:flex-row gap-10\">\n            <div class=\"pt-8 lg:py-0 flex-1 flex flex-col items-start max-w-240\" data-stagger='true'>\n                                    <div class=\"inline-flex px-4 py-2 rounded-[120rem] text-base! leading-none tracking-wider font-medium text-dark-blue bg-light-blue mb-3\">\n  Apprendre\n<\/div>\n                \n                                    <h2 class=\"text-[2rem]! lg:text-[3rem]! font-bold leading-[125%]! mb-4\">Les coop\u00e9ratives d\u2019habitation constituent un \u00e9l\u00e9ment crucial et national du syst\u00e8me de logement.  <\/h2>\n                \n                                            <\/div>\n                            <div class=\"flex-1 flex lg:items-center\">\n                    <div class=\"wysiwyg\"><p><span style=\"font-weight: 400\">Il y a plus de 2 200 coop\u00e9ratives d\u2019habitation \u00e0 but non lucratif au Canada.\u00a0<\/span><\/p>\n<p>&nbsp;<\/p>\n<p><span style=\"font-weight: 400\">Elles fournissent des logements \u00e0 plus d\u2019un quart de millions de personnes dans toutes les provinces et tous les territoires. Les coop\u00e9ratives vont de petits immeubles de huit logements aux communaut\u00e9s comptant plus de 300\u00a0logements r\u00e9partis dans plusieurs b\u00e2timents. <\/span><\/p>\n<\/div>\n                <\/div>\n                    <\/div>\n            <\/div>\n<\/section>\n\n\n<section data-pc-section=\"facts-and-figures\" class=\"pc-block-wrapper pc-block-wrapper--light-blue pc-block-wrapper-top--medium pc-block-wrapper-bottom--none relative\">\n                <div class=\"w-full relative\">\n            <div class=\"pc-container-lg pb-12\">\n                <div class=\"w-full flex flex-col py-10\" data-stagger='true'>\n                    <h2 class=\"mb-6 lg:mb-16 text-2xl! lg:text-[2rem]!\"> La demande en mati\u00e8re de logements coop\u00e9ratifs n\u2019a jamais \u00e9t\u00e9 aussi forte.  <\/h2>\n                        <div class=\"flex flex-col lg:flex-row lg:items-center gap-10\">\n                            <div class=\"py-10 px-6 flex-1 flex flex-col text-center bg-white gap-3 rounded-2xl pc-shadow-md\">\n                            <h2 class=\"text-[5rem] text-dark-blue fact-number font-bold flex flex-wrap justify-center items-center leading-[0.9]\">\n                                <span class=\"whitespace-nowrap\">\n                                                                                                                <span class=\"fact-counter\" data-target=\"73\">0<\/span>\n                                                                                                                <span class=\"fact-counter\" data-target=\"%\">%<\/span>\n                                                                    <\/span>\n                                                            <\/h2>\n                                <p><p>des Canadiennes et Canadiens souhaitent qu\u2019il y ait plus de logements coop\u00e9ratifs.<\/p>\n<\/p>\n                            <\/div>\n                            <div class=\"flex-1 flex flex-col text-left\">\n                                <div class=\"wysiwyg\"><p><span style=\"font-weight: 400\">Les Canadiennes et Canadiens estiment dans une proportion de 73\u00a0% que les logements \u00e0 but non lucratif et les coop\u00e9ratives d\u2019habitation peuvent contribuer \u00e0 r\u00e9soudre la crise du logement. Les communaut\u00e9s coop\u00e9ratives conservent leur abordabilit\u00e9 de fa\u00e7on permanente; elles ne passent pas aux prix du march\u00e9. Les coop\u00e9ratives contribuent \u00e0 renforcer les quartiers gr\u00e2ce \u00e0 une gouvernance ax\u00e9e sur le b\u00e9n\u00e9volat et \u00e0 des activit\u00e9s de d\u00e9veloppement communautaire.\u00a0\u00a0\u00a0\u00a0<\/span><\/p>\n<\/div>\n                            <\/div>\n                        <\/div>\n                    <\/div>\n                <div class=\"absolute bottom-0 left-0 w-full h-10 bg-white overflow-hidden\">\n                                            <img decoding=\"async\" src=\"https:\/\/chf-ca.papercrane.ca\/wp-content\/themes\/chf-canada\/resources\/images\/CHF-visual-blue-flat.svg\" class=\"lg:left-40 relative opacity-25\" alt=\"Decorative image\">\n                <\/div>\n                <\/div>\n            <\/div>\n            <div class=\"w-full relative\">\n            <div class=\"pc-container-lg pb-12\">\n                <div class=\"w-full flex flex-col py-10\" data-stagger='true'>\n                    <h2 class=\"mb-6 lg:mb-16 text-2xl! lg:text-[2rem]!\">Les coop\u00e9ratives surclassent constamment les logements locatifs priv\u00e9s sur le plan de l\u2019abordabilit\u00e9. <\/h2>\n                        <div class=\"flex flex-col lg:flex-row lg:items-center gap-10\">\n                            <div class=\"py-10 px-6 flex-1 flex flex-col text-center bg-white gap-3 rounded-2xl pc-shadow-md\">\n                            <h2 class=\"text-[5rem] text-dark-blue fact-number font-bold flex flex-wrap justify-center items-center leading-[0.9]\">\n                                <span class=\"whitespace-nowrap\">\n                                                                            <span class=\"fact-prefix\">$<\/span>\n                                                                                                                <span class=\"fact-counter\" data-target=\"400\">0<\/span>\n                                                                                                        <\/span>\n                                                                    <span class=\"fact-separator px-2\"> &#8211; <\/span>\n                                \n                                    <span class=\"whitespace-nowrap\">\n                                                                                    <span class=\"fact-prefix\">$<\/span>\n                                                                                <span class=\"fact-counter\" data-target=\"500\">0<\/span>\n                                                                            <\/span>\n                                                            <\/h2>\n                                <p><p>L\u2019habitation coop\u00e9rative offre des droits d\u2019occupation mensuels inf\u00e9rieurs de 400 $ \u00e0 500 $ aux loyers du march\u00e9 semblables dans la m\u00eame collectivit\u00e9.<\/p>\n<\/p>\n                            <\/div>\n                            <div class=\"flex-1 flex flex-col text-left\">\n                                <div class=\"wysiwyg\"><p><span style=\"font-weight: 400\">Elle offre une plus grande stabilit\u00e9 et une meilleure coh\u00e9sion sociale que les logements priv\u00e9s comparables. La grande majorit\u00e9 des coop\u00e9ratives fonctionnent sur une base \u00e0 but non lucratif, ce qui permet de maintenir les droits d\u2019occupation \u00e0 un niveau peu \u00e9lev\u00e9, ceux-ci n\u2019augmentant que pour couvrir les co\u00fbts d\u2019exploitation et maintenir le b\u00e2timent en bon \u00e9tat de fonctionnement.<\/span><\/p>\n<\/div>\n                            <\/div>\n                        <\/div>\n                    <\/div>\n                <div class=\"absolute bottom-0 left-0 w-full h-10 bg-white overflow-hidden\">\n                                            <img decoding=\"async\" src=\"https:\/\/chf-ca.papercrane.ca\/wp-content\/themes\/chf-canada\/resources\/images\/CHF-visual-blue-flat.svg\" class=\"lg:left-40 relative \" alt=\"Decorative image\">\n                <\/div>\n                <\/div>\n            <\/div>\n            <div class=\"w-full relative\">\n            <div class=\"pc-container-lg pb-12\">\n                <div class=\"w-full flex flex-col py-10\" data-stagger='true'>\n                    <h2 class=\"mb-6 lg:mb-16 text-2xl! lg:text-[2rem]!\"> Les coop\u00e9ratives d\u2019habitation sont en croissance au Canada.  <\/h2>\n                        <div class=\"flex flex-col lg:flex-row lg:items-center gap-10\">\n                            <div class=\"py-10 px-6 flex-1 flex flex-col text-center bg-white gap-3 rounded-2xl pc-shadow-md\">\n                            <h2 class=\"text-[5rem] text-dark-blue fact-number font-bold flex flex-wrap justify-center items-center leading-[0.9]\">\n                                <span class=\"whitespace-nowrap\">\n                                                                                                                <span class=\"fact-counter\" data-target=\"10000\">0<\/span>\n                                                                                                                <span class=\"fact-counter\" data-target=\"+\">+<\/span>\n                                                                    <\/span>\n                                                            <\/h2>\n                                <p><p>Le secteur coop\u00e9ratif canadien est pr\u00eat \u00e0 construire des dizaines de milliers de nouveaux logements coop\u00e9ratifs, issus \u00e0 la fois de nouvelles constructions et d\u2019acquisitions intelligentes de logements locatifs existants, qui offriront une v\u00e9ritable abordabilit\u00e9.<\/p>\n<\/p>\n                            <\/div>\n                            <div class=\"flex-1 flex flex-col text-left\">\n                                <div class=\"wysiwyg\"><p><span style=\"font-weight: 400\">Les coop\u00e9ratives d\u2019habitation \u00e0 but non lucratif fournissent des logements \u00e0 leurs r\u00e9sidents au prix co\u00fbtant, ce qui permet de r\u00e9aliser des \u00e9conomies \u00e0 long terme par rapport aux logements locatifs priv\u00e9s.\u00a0<\/span><\/p>\n<\/div>\n                            <\/div>\n                        <\/div>\n                    <\/div>\n                <div class=\"absolute bottom-0 left-0 w-full h-10 bg-white overflow-hidden\">\n                                            <img decoding=\"async\" src=\"https:\/\/chf-ca.papercrane.ca\/wp-content\/themes\/chf-canada\/resources\/images\/CHF-visual-dark-blue-flat.svg\" class=\"lg:left-40 relative \" alt=\"Decorative image\">\n                <\/div>\n                <\/div>\n            <\/div>\n    <\/section>\n\n\n<section data-pc-section=\"text-and-image\" class=\"pc-block-wrapper pc-block-wrapper--dark-blue pc-block-wrapper-top--medium pc-block-wrapper-bottom--medium relative text-white\">\n        <div class=\"pc-container-lg\">\n        <div class=\"flex flex-col lg:flex-row-reverse gap-6 lg:gap-10 links-center\" data-stagger='true'>\n                            <div class=\"flex-1 flex relative links-center justify-center items-center \">\n                                            <img decoding=\"async\"\n                            src=\"https:\/\/chf-ca.papercrane.ca\/wp-content\/themes\/chf-canada\/public\/build\/assets\/CHF-visual-blue-DnKGQSGz.svg\"\n                            alt=\"\"\n                            class=\"absolute left-0 bottom-0 lg:bottom-auto lg:-left-6 lg:top-1\/2 lg:-translate-y-1\/2 h-80 lg:h-132 w-auto z-10\"\n                        \/>\n                                                                                    <img decoding=\"async\"\n                        src=\"https:\/\/chf-ca.papercrane.ca\/wp-content\/uploads\/2026\/02\/3503c64e91e669e50c3e6a0423eefc53498f6f2a.webp\"\n                        alt=\"\"\n                        class=\"w-full h-80 lg:h-160 max-h-80 lg:max-h-160 rounded-2xl object-cover\"\n                        >\n                                    <\/div>\n                        <div class=\"flex-1 flex flex-col lg:justify-center items-start \">\n                \n                                                            <h4 class=\"font-bold! tracking-[0.04rem] mb-4\">Vous souhaitez en savoir plus sur la mani\u00e8re dont la FHCC m\u00e8ne la charge?<\/h4>\n                                    \n                                                    <div class=\"flex flex-col lg:flex-row flex-wrap items-start lg:items-center gap-4\">\n                                                                                                                    <a class=\"group inline-flex items-center gap-2 transition-all no-underline! font-semibold group bg-white text-dark-blue px-6 py-3 rounded-sm hover:bg-gray-100\" href=\"https:\/\/chf-ca.papercrane.ca\/key-focus-areas\/\" >\n  Principaux domaines d&#039;intervention\n\n      <svg aria-hidden=\"true\"  class=\"transition-transform translate-x-0 group-hover:translate-x-1\"  xmlns=\"http:\/\/www.w3.org\/2000\/svg\" width=\"24\" height=\"24\" viewBox=\"0 0 24 24\" fill=\"none\">\n  <path d=\"M12 16L16 12M16 12L12 8M16 12H8M22 12C22 17.5228 17.5228 22 12 22C6.47715 22 2 17.5228 2 12C2 6.47715 6.47715 2 12 2C17.5228 2 22 6.47715 22 12Z\" stroke=\"currentColor\" stroke-width=\"2\" stroke-linecap=\"round\" stroke-linejoin=\"round\"\/>\n<\/svg>  <\/a>\n                                                                                                                                                <a class=\"group inline-flex items-center gap-2 transition-all no-underline! font-semibold group bg-transparent text-white hover:opacity-80\" href=\"https:\/\/chf-ca.papercrane.ca\/?page_id=173\" >\n  Coordonn\u00e9es\n\n      <svg aria-hidden=\"true\"  class=\"transition-transform translate-x-0 group-hover:translate-x-1\"  xmlns=\"http:\/\/www.w3.org\/2000\/svg\" width=\"24\" height=\"24\" viewBox=\"0 0 24 24\" fill=\"none\">\n  <path d=\"M12 16L16 12M16 12L12 8M16 12H8M22 12C22 17.5228 17.5228 22 12 22C6.47715 22 2 17.5228 2 12C2 6.47715 6.47715 2 12 2C17.5228 2 22 6.47715 22 12Z\" stroke=\"currentColor\" stroke-width=\"2\" stroke-linecap=\"round\" stroke-linejoin=\"round\"\/>\n<\/svg>  <\/a>\n                                                                        <\/div>\n                                                            <\/div>\n        <\/div>\n    <\/div>\n<\/section>\n","protected":false},"excerpt":{"rendered":"","protected":false},"author":2,"featured_media":0,"parent":5384,"menu_order":1,"comment_status":"closed","ping_status":"closed","template":"","meta":{"_acf_changed":false,"footnotes":""},"class_list":["post-5395","page","type-page","status-publish","hentry"],"acf":[],"yoast_head":"<!-- This site is optimized with the Yoast SEO plugin v27.2 - https:\/\/yoast.com\/product\/yoast-seo-wordpress\/ -->\n<title>Faits et chiffres - CHF Canada<\/title>\n<meta name=\"robots\" content=\"noindex, follow, max-snippet:-1, max-image-preview:large, max-video-preview:-1\" \/>\n<meta property=\"og:locale\" content=\"fr_FR\" \/>\n<meta property=\"og:type\" content=\"article\" \/>\n<meta property=\"og:title\" content=\"Faits et chiffres - CHF Canada\" \/>\n<meta property=\"og:url\" content=\"https:\/\/chf-ca.papercrane.ca\/fr\/faits-et-chiffres\/\" \/>\n<meta property=\"og:site_name\" content=\"CHF Canada\" \/>\n<meta property=\"article:publisher\" content=\"https:\/\/www.facebook.com\/chfcanada\/\" \/>\n<meta property=\"article:modified_time\" content=\"2026-02-26T19:20:48+00:00\" \/>\n<meta name=\"twitter:card\" content=\"summary_large_image\" \/>\n<meta name=\"twitter:site\" content=\"@chfcanada\" \/>\n<script type=\"application\/ld+json\" class=\"yoast-schema-graph\">{\"@context\":\"https:\/\/schema.org\",\"@graph\":[{\"@type\":\"WebPage\",\"@id\":\"https:\/\/chf-ca.papercrane.ca\/fr\/faits-et-chiffres\/\",\"url\":\"https:\/\/chf-ca.papercrane.ca\/fr\/faits-et-chiffres\/\",\"name\":\"Faits et chiffres - CHF Canada\",\"isPartOf\":{\"@id\":\"https:\/\/chf-ca.papercrane.ca\/#website\"},\"datePublished\":\"2026-01-28T18:48:27+00:00\",\"dateModified\":\"2026-02-26T19:20:48+00:00\",\"breadcrumb\":{\"@id\":\"https:\/\/chf-ca.papercrane.ca\/fr\/faits-et-chiffres\/#breadcrumb\"},\"inLanguage\":\"fr-FR\",\"potentialAction\":[{\"@type\":\"ReadAction\",\"target\":[\"https:\/\/chf-ca.papercrane.ca\/fr\/faits-et-chiffres\/\"]}]},{\"@type\":\"BreadcrumbList\",\"@id\":\"https:\/\/chf-ca.papercrane.ca\/fr\/faits-et-chiffres\/#breadcrumb\",\"itemListElement\":[{\"@type\":\"ListItem\",\"position\":1,\"name\":\"Home\",\"item\":\"https:\/\/chf-ca.papercrane.ca\/fr\/\"},{\"@type\":\"ListItem\",\"position\":2,\"name\":\"Faits et chiffres\"}]},{\"@type\":\"WebSite\",\"@id\":\"https:\/\/chf-ca.papercrane.ca\/#website\",\"url\":\"https:\/\/chf-ca.papercrane.ca\/\",\"name\":\"Co-operative Housing Federation Of Canada\",\"description\":\"CHF Canada\",\"publisher\":{\"@id\":\"https:\/\/chf-ca.papercrane.ca\/#organization\"},\"potentialAction\":[{\"@type\":\"SearchAction\",\"target\":{\"@type\":\"EntryPoint\",\"urlTemplate\":\"https:\/\/chf-ca.papercrane.ca\/?s={search_term_string}\"},\"query-input\":{\"@type\":\"PropertyValueSpecification\",\"valueRequired\":true,\"valueName\":\"search_term_string\"}}],\"inLanguage\":\"fr-FR\"},{\"@type\":\"Organization\",\"@id\":\"https:\/\/chf-ca.papercrane.ca\/#organization\",\"name\":\"Co-operative Housing Federation Of Canada\",\"url\":\"https:\/\/chf-ca.papercrane.ca\/\",\"logo\":{\"@type\":\"ImageObject\",\"inLanguage\":\"fr-FR\",\"@id\":\"https:\/\/chf-ca.papercrane.ca\/#\/schema\/logo\/image\/\",\"url\":\"https:\/\/chf-ca.papercrane.ca\/wp-content\/uploads\/2026\/02\/logo.svg\",\"contentUrl\":\"https:\/\/chf-ca.papercrane.ca\/wp-content\/uploads\/2026\/02\/logo.svg\",\"width\":1,\"height\":1,\"caption\":\"Co-operative Housing Federation Of Canada\"},\"image\":{\"@id\":\"https:\/\/chf-ca.papercrane.ca\/#\/schema\/logo\/image\/\"},\"sameAs\":[\"https:\/\/www.facebook.com\/chfcanada\/\",\"https:\/\/x.com\/chfcanada\",\"https:\/\/www.instagram.com\/chfcanada\/\",\"https:\/\/www.linkedin.com\/company\/chf-canada\"]}]}<\/script>\n<!-- \/ Yoast SEO plugin. -->","yoast_head_json":{"title":"Faits et chiffres - CHF Canada","robots":{"index":"noindex","follow":"follow","max-snippet":"max-snippet:-1","max-image-preview":"max-image-preview:large","max-video-preview":"max-video-preview:-1"},"og_locale":"fr_FR","og_type":"article","og_title":"Faits et chiffres - CHF Canada","og_url":"https:\/\/chf-ca.papercrane.ca\/fr\/faits-et-chiffres\/","og_site_name":"CHF Canada","article_publisher":"https:\/\/www.facebook.com\/chfcanada\/","article_modified_time":"2026-02-26T19:20:48+00:00","twitter_card":"summary_large_image","twitter_site":"@chfcanada","schema":{"@context":"https:\/\/schema.org","@graph":[{"@type":"WebPage","@id":"https:\/\/chf-ca.papercrane.ca\/fr\/faits-et-chiffres\/","url":"https:\/\/chf-ca.papercrane.ca\/fr\/faits-et-chiffres\/","name":"Faits et chiffres - CHF Canada","isPartOf":{"@id":"https:\/\/chf-ca.papercrane.ca\/#website"},"datePublished":"2026-01-28T18:48:27+00:00","dateModified":"2026-02-26T19:20:48+00:00","breadcrumb":{"@id":"https:\/\/chf-ca.papercrane.ca\/fr\/faits-et-chiffres\/#breadcrumb"},"inLanguage":"fr-FR","potentialAction":[{"@type":"ReadAction","target":["https:\/\/chf-ca.papercrane.ca\/fr\/faits-et-chiffres\/"]}]},{"@type":"BreadcrumbList","@id":"https:\/\/chf-ca.papercrane.ca\/fr\/faits-et-chiffres\/#breadcrumb","itemListElement":[{"@type":"ListItem","position":1,"name":"Home","item":"https:\/\/chf-ca.papercrane.ca\/fr\/"},{"@type":"ListItem","position":2,"name":"Faits et chiffres"}]},{"@type":"WebSite","@id":"https:\/\/chf-ca.papercrane.ca\/#website","url":"https:\/\/chf-ca.papercrane.ca\/","name":"Co-operative Housing Federation Of Canada","description":"CHF Canada","publisher":{"@id":"https:\/\/chf-ca.papercrane.ca\/#organization"},"potentialAction":[{"@type":"SearchAction","target":{"@type":"EntryPoint","urlTemplate":"https:\/\/chf-ca.papercrane.ca\/?s={search_term_string}"},"query-input":{"@type":"PropertyValueSpecification","valueRequired":true,"valueName":"search_term_string"}}],"inLanguage":"fr-FR"},{"@type":"Organization","@id":"https:\/\/chf-ca.papercrane.ca\/#organization","name":"Co-operative Housing Federation Of Canada","url":"https:\/\/chf-ca.papercrane.ca\/","logo":{"@type":"ImageObject","inLanguage":"fr-FR","@id":"https:\/\/chf-ca.papercrane.ca\/#\/schema\/logo\/image\/","url":"https:\/\/chf-ca.papercrane.ca\/wp-content\/uploads\/2026\/02\/logo.svg","contentUrl":"https:\/\/chf-ca.papercrane.ca\/wp-content\/uploads\/2026\/02\/logo.svg","width":1,"height":1,"caption":"Co-operative Housing Federation Of Canada"},"image":{"@id":"https:\/\/chf-ca.papercrane.ca\/#\/schema\/logo\/image\/"},"sameAs":["https:\/\/www.facebook.com\/chfcanada\/","https:\/\/x.com\/chfcanada","https:\/\/www.instagram.com\/chfcanada\/","https:\/\/www.linkedin.com\/company\/chf-canada"]}]}},"_links":{"self":[{"href":"https:\/\/chf-ca.papercrane.ca\/fr\/wp-json\/wp\/v2\/pages\/5395","targetHints":{"allow":["GET"]}}],"collection":[{"href":"https:\/\/chf-ca.papercrane.ca\/fr\/wp-json\/wp\/v2\/pages"}],"about":[{"href":"https:\/\/chf-ca.papercrane.ca\/fr\/wp-json\/wp\/v2\/types\/page"}],"author":[{"embeddable":true,"href":"https:\/\/chf-ca.papercrane.ca\/fr\/wp-json\/wp\/v2\/users\/2"}],"replies":[{"embeddable":true,"href":"https:\/\/chf-ca.papercrane.ca\/fr\/wp-json\/wp\/v2\/comments?post=5395"}],"version-history":[{"count":1,"href":"https:\/\/chf-ca.papercrane.ca\/fr\/wp-json\/wp\/v2\/pages\/5395\/revisions"}],"predecessor-version":[{"id":5396,"href":"https:\/\/chf-ca.papercrane.ca\/fr\/wp-json\/wp\/v2\/pages\/5395\/revisions\/5396"}],"up":[{"embeddable":true,"href":"https:\/\/chf-ca.papercrane.ca\/fr\/wp-json\/wp\/v2\/pages\/5384"}],"wp:attachment":[{"href":"https:\/\/chf-ca.papercrane.ca\/fr\/wp-json\/wp\/v2\/media?parent=5395"}],"curies":[{"name":"wp","href":"https:\/\/api.w.org\/{rel}","templated":true}]}}