{"id":5391,"date":"2026-01-28T11:48:27","date_gmt":"2026-01-28T18:48:27","guid":{"rendered":"https:\/\/chf-ca.papercrane.ca\/?page_id=5391"},"modified":"2026-03-27T15:26:58","modified_gmt":"2026-03-27T21:26:58","slug":"recherche","status":"publish","type":"page","link":"https:\/\/chf-ca.papercrane.ca\/fr\/a-propos-des-cooperatives-dhabitation\/recherche\/","title":{"rendered":"Recherche"},"content":{"rendered":"<section data-pc-section=\"tertiary-hero\" class=\"pc-block-wrapper pc-block-wrapper--default pc-block-wrapper-top--medium pc-block-wrapper-bottom--medium relative pt-24! lg:pt-56! lg:pb-6! flex flex-col lg:flex-row lg:items-center\">\n        \n    <div class=\"pc-container-lg \">\n        <div class=\"flex flex-col lg:flex-row gap-10\">\n            <div class=\"pt-8 lg:py-0 flex-1 flex flex-col items-start max-w-240\" data-stagger='true'>\n                                    <div class=\"inline-flex px-4 py-2 rounded-[120rem] text-base! leading-none tracking-wider font-medium text-dark-blue bg-light-blue mb-3\">\n  Apprendre\n<\/div>\n                \n                                    <h2 class=\"text-[2rem]! lg:text-[3rem]! font-bold leading-[125%]! mb-4\">Les Canadiennes et Canadiens souhaitent qu\u2019il y ait plus de logements coop\u00e9ratifs.<\/h2>\n                \n                                            <\/div>\n                            <div class=\"flex-1 flex lg:items-center\">\n                    <div class=\"wysiwyg\"><h6>Un r\u00e9cent sondage a r\u00e9v\u00e9l\u00e9 que 73\u00a0% des Canadiennes et Canadiens estiment que les logements \u00e0 but non lucratif et les coop\u00e9ratives d\u2019habitation peuvent contribuer \u00e0 r\u00e9soudre la crise du logement.<\/h6>\n<\/div>\n                <\/div>\n                    <\/div>\n            <\/div>\n<\/section>\n\n\n<section data-pc-section=\"text-and-image\" class=\"pc-block-wrapper pc-block-wrapper--default pc-block-wrapper-top--medium pc-block-wrapper-bottom--medium relative \">\n        <div class=\"pc-container-lg\">\n        <div class=\"flex flex-col lg:flex-row-reverse gap-6 lg:gap-10 links-center\" data-stagger='true'>\n                            <div class=\"flex-1 flex relative links-center justify-center items-center \">\n                                                                                    <img decoding=\"async\"\n                        src=\"https:\/\/chf-ca.papercrane.ca\/wp-content\/uploads\/2026\/02\/14e157f6881224ef00580be92c6e75e54fcf7c4d.webp\"\n                        alt=\"\"\n                        class=\"w-full h-80 lg:h-160 max-h-80 lg:max-h-160 rounded-2xl object-cover\"\n                        >\n                                    <\/div>\n                        <div class=\"flex-1 flex flex-col lg:justify-center items-start bg-white pc-shadow-md px-4 py-6 lg:px-8 lg:py-10 rounded-2xl\">\n                \n                                                            <h4 class=\"font-bold! tracking-[0.04rem] mb-4\">Le rapport <\/h4>\n                                    \n                                    <div class=\"mb-4 wysiwyg\"><p><strong>Le rapport met en lumi\u00e8re l\u2019int\u00e9r\u00eat croissant pour les logements \u00e0 but non lucratif et les coop\u00e9ratives d\u2019habitation, alors que les probl\u00e8mes d\u2019abordabilit\u00e9 demeurent au centre des pr\u00e9occupations des Canadiennes et Canadiens.<\/strong><\/p>\n<p><span style=\"font-weight: 400\">Le sondage, r\u00e9alis\u00e9 aupr\u00e8s de 6\u00a0000\u00a0Canadiennes et Canadiens, a \u00e9t\u00e9 command\u00e9 par la FHCC, en partenariat avec l\u2019Alliance canadienne pour mettre fin \u00e0 l\u2019itin\u00e9rance et l\u2019Association canadienne de l\u2019immobilier. Alors que pr\u00e8s de trois Canadiennes et Canadiens sur quatre pensent que les logements coop\u00e9ratifs et \u00e0 but non lucratif constituent une solution viable \u00e0 la crise du logement, la plupart d\u2019entre eux ne voient pas suffisamment de coop\u00e9ratives d\u2019habitation dans leurs collectivit\u00e9s. Soixante et un pour cent (61\u00a0%) des Canadiennes et Canadiens pensent que l\u2019augmentation de l\u2019offre devrait \u00eatre une priorit\u00e9 absolue.\u00a0<\/span><\/p>\n<p>&nbsp;<\/p>\n<p><span style=\"font-weight: 400\">Il est temps de construire. En collaboration avec des partenaires gouvernementaux, le secteur de l\u2019habitation coop\u00e9rative est pr\u00eat \u00e0 entreprendre des travaux de construction. Il est possible de b\u00e2tir des logements coop\u00e9ratifs plus abordables, plus s\u00fbrs et plus inclusifs, et c\u2019est ce que r\u00e9clament les Canadiennes et Canadiens.\u00a0 <\/span><\/p>\n<\/div>\n                                                    <div class=\"flex flex-col lg:flex-row flex-wrap items-start lg:items-center gap-4\">\n                                                                                                                    <a class=\"group inline-flex items-center gap-2 transition-all no-underline! font-semibold group bg-transparent text-dark-blue hover:opacity-80\" href=\"https:\/\/chf-ca.papercrane.ca\/wp-content\/uploads\/2026\/03\/The-Co-op-Difference-report_FR.pdf\"  target=\"_blank\" rel=\"noopener noreferrer\" >\n  Lire le rapport complet\n\n      <svg aria-hidden=\"true\"  class=\"transition-transform translate-x-0 group-hover:translate-x-1\"  xmlns=\"http:\/\/www.w3.org\/2000\/svg\" width=\"24\" height=\"24\" viewBox=\"0 0 24 24\" fill=\"none\">\n  <path d=\"M12 16L16 12M16 12L12 8M16 12H8M22 12C22 17.5228 17.5228 22 12 22C6.47715 22 2 17.5228 2 12C2 6.47715 6.47715 2 12 2C17.5228 2 22 6.47715 22 12Z\" stroke=\"currentColor\" stroke-width=\"2\" stroke-linecap=\"round\" stroke-linejoin=\"round\"\/>\n<\/svg>  <\/a>\n                                                                        <\/div>\n                                                            <\/div>\n        <\/div>\n    <\/div>\n<\/section>\n\n\n<section data-pc-section=\"text-and-image\" class=\"pc-block-wrapper pc-block-wrapper--default pc-block-wrapper-top--medium pc-block-wrapper-bottom--medium relative \">\n        <div class=\"pc-container-lg\">\n        <div class=\"flex flex-col lg:flex-row gap-6 lg:gap-10 links-center\" data-stagger='true'>\n                            <div class=\"flex-1 flex relative links-center justify-center items-center \">\n                                                                                    <img decoding=\"async\"\n                        src=\"https:\/\/chf-ca.papercrane.ca\/wp-content\/uploads\/2026\/02\/19a8869579eee615cfcd1819eb26f3256095c632.webp\"\n                        alt=\"\"\n                        class=\"w-full h-80 lg:h-160 max-h-80 lg:max-h-160 rounded-2xl object-cover\"\n                        >\n                                    <\/div>\n                        <div class=\"flex-1 flex flex-col lg:justify-center items-start bg-white pc-shadow-md px-4 py-6 lg:px-8 lg:py-10 rounded-2xl\">\n                \n                                                            <h4 class=\"font-bold! tracking-[0.04rem] mb-4\">B\u00e2tir un avenir meilleur<\/h4>\n                                    \n                                    <div class=\"mb-4 wysiwyg\"><p><span style=\"font-weight: 400\">\u00c0 l\u2019heure o\u00f9 l\u2019abordabilit\u00e9 du logement atteint des niveaux de crise en Ontario, le rapport B\u00e2tir un avenir meilleur propose un plan puissant et pratique visant \u00e0 \u00e9liminer les besoins imp\u00e9rieux en mati\u00e8re de logement en Ontario d\u2019ici\u00a02035.<\/span><\/p>\n<p>&nbsp;<\/p>\n<p><span style=\"font-weight: 400\">Le rapport B\u00e2tir un avenir meilleur pr\u00e9sente un plan \u00e9volutif et pr\u00eat \u00e0 \u00eatre mis en \u0153uvre, et dont les co\u00fbts sont ax\u00e9s sur l\u2019habitation \u00e0 but non lucratif et l\u2019habitation coop\u00e9rative.<\/span><\/p>\n<\/div>\n                                                    <div class=\"flex flex-col lg:flex-row flex-wrap items-start lg:items-center gap-4\">\n                                                                                                                    <a class=\"group inline-flex items-center gap-2 transition-all no-underline! font-semibold group bg-transparent text-dark-blue hover:opacity-80\" href=\"#\"  target=\"_blank\" rel=\"noopener noreferrer\" >\n  En savoir plus sur le rapport\n\n      <svg aria-hidden=\"true\"  class=\"transition-transform translate-x-0 group-hover:translate-x-1\"  xmlns=\"http:\/\/www.w3.org\/2000\/svg\" width=\"24\" height=\"24\" viewBox=\"0 0 24 24\" fill=\"none\">\n  <path d=\"M12 16L16 12M16 12L12 8M16 12H8M22 12C22 17.5228 17.5228 22 12 22C6.47715 22 2 17.5228 2 12C2 6.47715 6.47715 2 12 2C17.5228 2 22 6.47715 22 12Z\" stroke=\"currentColor\" stroke-width=\"2\" stroke-linecap=\"round\" stroke-linejoin=\"round\"\/>\n<\/svg>  <\/a>\n                                                                                                                                                <a class=\"group inline-flex items-center gap-2 transition-all no-underline! font-semibold group bg-transparent text-dark-blue hover:opacity-80\" href=\"#\"  target=\"_blank\" rel=\"noopener noreferrer\" >\n  T\u00e9l\u00e9chargez le rapport\n\n      <svg aria-hidden=\"true\"  class=\"transition-transform translate-x-0 group-hover:translate-x-1\"  xmlns=\"http:\/\/www.w3.org\/2000\/svg\" width=\"24\" height=\"24\" viewBox=\"0 0 24 24\" fill=\"none\">\n  <path d=\"M12 16L16 12M16 12L12 8M16 12H8M22 12C22 17.5228 17.5228 22 12 22C6.47715 22 2 17.5228 2 12C2 6.47715 6.47715 2 12 2C17.5228 2 22 6.47715 22 12Z\" stroke=\"currentColor\" stroke-width=\"2\" stroke-linecap=\"round\" stroke-linejoin=\"round\"\/>\n<\/svg>  <\/a>\n                                                                        <\/div>\n                                                            <\/div>\n        <\/div>\n    <\/div>\n<\/section>\n","protected":false},"excerpt":{"rendered":"","protected":false},"author":2,"featured_media":0,"parent":5384,"menu_order":2,"comment_status":"closed","ping_status":"closed","template":"","meta":{"_acf_changed":false,"footnotes":""},"class_list":["post-5391","page","type-page","status-publish","hentry"],"acf":[],"yoast_head":"<!-- This site is optimized with the Yoast SEO plugin v27.2 - https:\/\/yoast.com\/product\/yoast-seo-wordpress\/ -->\n<title>Recherche - CHF Canada<\/title>\n<meta name=\"robots\" content=\"noindex, follow, max-snippet:-1, max-image-preview:large, max-video-preview:-1\" \/>\n<meta property=\"og:locale\" content=\"fr_FR\" \/>\n<meta property=\"og:type\" content=\"article\" \/>\n<meta property=\"og:title\" content=\"Recherche - CHF Canada\" \/>\n<meta property=\"og:url\" content=\"https:\/\/chf-ca.papercrane.ca\/fr\/a-propos-des-cooperatives-dhabitation\/recherche\/\" \/>\n<meta property=\"og:site_name\" content=\"CHF Canada\" \/>\n<meta property=\"article:publisher\" content=\"https:\/\/www.facebook.com\/chfcanada\/\" \/>\n<meta property=\"article:modified_time\" content=\"2026-03-27T21:26:58+00:00\" \/>\n<meta name=\"twitter:card\" content=\"summary_large_image\" \/>\n<meta name=\"twitter:site\" content=\"@chfcanada\" \/>\n<script type=\"application\/ld+json\" class=\"yoast-schema-graph\">{\"@context\":\"https:\/\/schema.org\",\"@graph\":[{\"@type\":\"WebPage\",\"@id\":\"https:\/\/chf-ca.papercrane.ca\/fr\/a-propos-des-cooperatives-dhabitation\/recherche\/\",\"url\":\"https:\/\/chf-ca.papercrane.ca\/fr\/a-propos-des-cooperatives-dhabitation\/recherche\/\",\"name\":\"Recherche - CHF Canada\",\"isPartOf\":{\"@id\":\"https:\/\/chf-ca.papercrane.ca\/#website\"},\"datePublished\":\"2026-01-28T18:48:27+00:00\",\"dateModified\":\"2026-03-27T21:26:58+00:00\",\"breadcrumb\":{\"@id\":\"https:\/\/chf-ca.papercrane.ca\/fr\/a-propos-des-cooperatives-dhabitation\/recherche\/#breadcrumb\"},\"inLanguage\":\"fr-FR\",\"potentialAction\":[{\"@type\":\"ReadAction\",\"target\":[\"https:\/\/chf-ca.papercrane.ca\/fr\/a-propos-des-cooperatives-dhabitation\/recherche\/\"]}]},{\"@type\":\"BreadcrumbList\",\"@id\":\"https:\/\/chf-ca.papercrane.ca\/fr\/a-propos-des-cooperatives-dhabitation\/recherche\/#breadcrumb\",\"itemListElement\":[{\"@type\":\"ListItem\",\"position\":1,\"name\":\"Home\",\"item\":\"https:\/\/chf-ca.papercrane.ca\/fr\/\"},{\"@type\":\"ListItem\",\"position\":2,\"name\":\"\u00c0 propos des coop\u00e9ratives d\u2019habitation\",\"item\":\"https:\/\/chf-ca.papercrane.ca\/fr\/a-propos-des-cooperatives-dhabitation\/\"},{\"@type\":\"ListItem\",\"position\":3,\"name\":\"Recherche\"}]},{\"@type\":\"WebSite\",\"@id\":\"https:\/\/chf-ca.papercrane.ca\/#website\",\"url\":\"https:\/\/chf-ca.papercrane.ca\/\",\"name\":\"Co-operative Housing Federation Of Canada\",\"description\":\"CHF Canada\",\"publisher\":{\"@id\":\"https:\/\/chf-ca.papercrane.ca\/#organization\"},\"potentialAction\":[{\"@type\":\"SearchAction\",\"target\":{\"@type\":\"EntryPoint\",\"urlTemplate\":\"https:\/\/chf-ca.papercrane.ca\/?s={search_term_string}\"},\"query-input\":{\"@type\":\"PropertyValueSpecification\",\"valueRequired\":true,\"valueName\":\"search_term_string\"}}],\"inLanguage\":\"fr-FR\"},{\"@type\":\"Organization\",\"@id\":\"https:\/\/chf-ca.papercrane.ca\/#organization\",\"name\":\"Co-operative Housing Federation Of Canada\",\"url\":\"https:\/\/chf-ca.papercrane.ca\/\",\"logo\":{\"@type\":\"ImageObject\",\"inLanguage\":\"fr-FR\",\"@id\":\"https:\/\/chf-ca.papercrane.ca\/#\/schema\/logo\/image\/\",\"url\":\"https:\/\/chf-ca.papercrane.ca\/wp-content\/uploads\/2026\/02\/logo.svg\",\"contentUrl\":\"https:\/\/chf-ca.papercrane.ca\/wp-content\/uploads\/2026\/02\/logo.svg\",\"width\":1,\"height\":1,\"caption\":\"Co-operative Housing Federation Of Canada\"},\"image\":{\"@id\":\"https:\/\/chf-ca.papercrane.ca\/#\/schema\/logo\/image\/\"},\"sameAs\":[\"https:\/\/www.facebook.com\/chfcanada\/\",\"https:\/\/x.com\/chfcanada\",\"https:\/\/www.instagram.com\/chfcanada\/\",\"https:\/\/www.linkedin.com\/company\/chf-canada\"]}]}<\/script>\n<!-- \/ Yoast SEO plugin. -->","yoast_head_json":{"title":"Recherche - CHF Canada","robots":{"index":"noindex","follow":"follow","max-snippet":"max-snippet:-1","max-image-preview":"max-image-preview:large","max-video-preview":"max-video-preview:-1"},"og_locale":"fr_FR","og_type":"article","og_title":"Recherche - CHF Canada","og_url":"https:\/\/chf-ca.papercrane.ca\/fr\/a-propos-des-cooperatives-dhabitation\/recherche\/","og_site_name":"CHF Canada","article_publisher":"https:\/\/www.facebook.com\/chfcanada\/","article_modified_time":"2026-03-27T21:26:58+00:00","twitter_card":"summary_large_image","twitter_site":"@chfcanada","schema":{"@context":"https:\/\/schema.org","@graph":[{"@type":"WebPage","@id":"https:\/\/chf-ca.papercrane.ca\/fr\/a-propos-des-cooperatives-dhabitation\/recherche\/","url":"https:\/\/chf-ca.papercrane.ca\/fr\/a-propos-des-cooperatives-dhabitation\/recherche\/","name":"Recherche - CHF Canada","isPartOf":{"@id":"https:\/\/chf-ca.papercrane.ca\/#website"},"datePublished":"2026-01-28T18:48:27+00:00","dateModified":"2026-03-27T21:26:58+00:00","breadcrumb":{"@id":"https:\/\/chf-ca.papercrane.ca\/fr\/a-propos-des-cooperatives-dhabitation\/recherche\/#breadcrumb"},"inLanguage":"fr-FR","potentialAction":[{"@type":"ReadAction","target":["https:\/\/chf-ca.papercrane.ca\/fr\/a-propos-des-cooperatives-dhabitation\/recherche\/"]}]},{"@type":"BreadcrumbList","@id":"https:\/\/chf-ca.papercrane.ca\/fr\/a-propos-des-cooperatives-dhabitation\/recherche\/#breadcrumb","itemListElement":[{"@type":"ListItem","position":1,"name":"Home","item":"https:\/\/chf-ca.papercrane.ca\/fr\/"},{"@type":"ListItem","position":2,"name":"\u00c0 propos des coop\u00e9ratives d\u2019habitation","item":"https:\/\/chf-ca.papercrane.ca\/fr\/a-propos-des-cooperatives-dhabitation\/"},{"@type":"ListItem","position":3,"name":"Recherche"}]},{"@type":"WebSite","@id":"https:\/\/chf-ca.papercrane.ca\/#website","url":"https:\/\/chf-ca.papercrane.ca\/","name":"Co-operative Housing Federation Of Canada","description":"CHF Canada","publisher":{"@id":"https:\/\/chf-ca.papercrane.ca\/#organization"},"potentialAction":[{"@type":"SearchAction","target":{"@type":"EntryPoint","urlTemplate":"https:\/\/chf-ca.papercrane.ca\/?s={search_term_string}"},"query-input":{"@type":"PropertyValueSpecification","valueRequired":true,"valueName":"search_term_string"}}],"inLanguage":"fr-FR"},{"@type":"Organization","@id":"https:\/\/chf-ca.papercrane.ca\/#organization","name":"Co-operative Housing Federation Of Canada","url":"https:\/\/chf-ca.papercrane.ca\/","logo":{"@type":"ImageObject","inLanguage":"fr-FR","@id":"https:\/\/chf-ca.papercrane.ca\/#\/schema\/logo\/image\/","url":"https:\/\/chf-ca.papercrane.ca\/wp-content\/uploads\/2026\/02\/logo.svg","contentUrl":"https:\/\/chf-ca.papercrane.ca\/wp-content\/uploads\/2026\/02\/logo.svg","width":1,"height":1,"caption":"Co-operative Housing Federation Of Canada"},"image":{"@id":"https:\/\/chf-ca.papercrane.ca\/#\/schema\/logo\/image\/"},"sameAs":["https:\/\/www.facebook.com\/chfcanada\/","https:\/\/x.com\/chfcanada","https:\/\/www.instagram.com\/chfcanada\/","https:\/\/www.linkedin.com\/company\/chf-canada"]}]}},"_links":{"self":[{"href":"https:\/\/chf-ca.papercrane.ca\/fr\/wp-json\/wp\/v2\/pages\/5391","targetHints":{"allow":["GET"]}}],"collection":[{"href":"https:\/\/chf-ca.papercrane.ca\/fr\/wp-json\/wp\/v2\/pages"}],"about":[{"href":"https:\/\/chf-ca.papercrane.ca\/fr\/wp-json\/wp\/v2\/types\/page"}],"author":[{"embeddable":true,"href":"https:\/\/chf-ca.papercrane.ca\/fr\/wp-json\/wp\/v2\/users\/2"}],"replies":[{"embeddable":true,"href":"https:\/\/chf-ca.papercrane.ca\/fr\/wp-json\/wp\/v2\/comments?post=5391"}],"version-history":[{"count":3,"href":"https:\/\/chf-ca.papercrane.ca\/fr\/wp-json\/wp\/v2\/pages\/5391\/revisions"}],"predecessor-version":[{"id":9615,"href":"https:\/\/chf-ca.papercrane.ca\/fr\/wp-json\/wp\/v2\/pages\/5391\/revisions\/9615"}],"up":[{"embeddable":true,"href":"https:\/\/chf-ca.papercrane.ca\/fr\/wp-json\/wp\/v2\/pages\/5384"}],"wp:attachment":[{"href":"https:\/\/chf-ca.papercrane.ca\/fr\/wp-json\/wp\/v2\/media?parent=5391"}],"curies":[{"name":"wp","href":"https:\/\/api.w.org\/{rel}","templated":true}]}}