{"id":5379,"date":"2026-01-28T11:28:32","date_gmt":"2026-01-28T18:28:32","guid":{"rendered":"https:\/\/chf-ca.papercrane.ca\/?page_id=5379"},"modified":"2026-02-26T10:38:57","modified_gmt":"2026-02-26T17:38:57","slug":"apprentissage-en-ligne","status":"publish","type":"page","link":"https:\/\/chf-ca.papercrane.ca\/fr\/formation\/apprentissage-en-ligne\/","title":{"rendered":"Apprentissage en ligne"},"content":{"rendered":"<section data-pc-section=\"secondary-hero\" class=\"pc-block-wrapper lg:pc-block-wrapper--default pc-block-wrapper-top--medium pc-block-wrapper-bottom--medium relative lg:min-h-screen lg:pt-[10rem]! flex items-start bg-white\">\n        <img decoding=\"async\" \n        src=\"https:\/\/chf-ca.papercrane.ca\/wp-content\/uploads\/2026\/02\/5ca205240fb5ca044d2df87a0faafd54f6cf6d91-scaled.webp\" \n        alt=\"\"\n        class=\"hidden lg:block absolute left-0 top-0 max-h-full h-full w-full object-cover mb-10\"\n        data-parallax-position\n    \/>\n    <div class=\"pc-container-lg bg-white lg:py-10 lg:pl-16 lg:pr-10 flex flex-col-reverse lg:flex-row z-10 gap-10 lg:gap-18 relative rounded-2xl\">\n        <div class=\"flex flex-col items-start justify-center lg:text-left flex-1\" data-stagger='true'>\n                            <div class=\"inline-flex px-4 py-2 rounded-[120rem] text-base! leading-none tracking-wider font-medium text-dark-blue bg-light-blue mb-3\">\n  Formation\n<\/div>\n                                        <h2 class=\"font-bold! text-display-md! leading-display-md!\">Plateforme d\u2019apprentissage en ligne<\/h2>\n                                        <div class=\"mt-4 mb-10 wysiwyg\"><p><span style=\"font-weight: 400\">Commencez votre parcours d\u2019apprentissage en ligne!<\/span><\/p>\n<\/div>\n                                    <div>\n                <a class=\"group inline-flex items-center gap-2 transition-all no-underline! font-semibold group bg-dark-blue text-white px-6 py-3 rounded-sm hover:bg-very-dark-blue\" href=\"https:\/\/chfcanada.talentlms.com\/\"  target=\"_blank\" rel=\"noopener noreferrer\" >\n  Inscription gratuite\n\n      <svg aria-hidden=\"true\"  class=\"transition-transform translate-x-0 group-hover:translate-x-1\"  xmlns=\"http:\/\/www.w3.org\/2000\/svg\" width=\"24\" height=\"24\" viewBox=\"0 0 24 24\" fill=\"none\">\n  <path d=\"M12 16L16 12M16 12L12 8M16 12H8M22 12C22 17.5228 17.5228 22 12 22C6.47715 22 2 17.5228 2 12C2 6.47715 6.47715 2 12 2C17.5228 2 22 6.47715 22 12Z\" stroke=\"currentColor\" stroke-width=\"2\" stroke-linecap=\"round\" stroke-linejoin=\"round\"\/>\n<\/svg>  <\/a>\n            <\/div>\n                    <\/div>\n        <img decoding=\"async\" \n            src=\"https:\/\/chf-ca.papercrane.ca\/wp-content\/uploads\/2026\/02\/5ca205240fb5ca044d2df87a0faafd54f6cf6d91-scaled.webp\" \n            alt=\"\"\n            class=\"flex-1 w-full h-full max-h-128 object-cover rounded-2xl\"\n            \n        \/>\n    <\/div>\n<\/section>\n\n\n<section data-pc-section=\"splitter\" class=\"pc-block-wrapper pc-block-wrapper--light-blue pc-block-wrapper-top--medium pc-block-wrapper-bottom--medium relative\">\n    \n    \n    <div class=\"pc-container-lg relative z-10 \">\n        \n        <div class=\"flex flex-col lg:flex-row gap-10 lg:gap-16 lg:items-start\">\n            <div class=\"flex-1 flex flex-col items-start lg:sticky lg:top-40\">\n                                                    <h2 class=\"mb-4 font-bold text-display-md! leading-display-md!\">Qu\u2019est-ce que la plateforme d\u2019apprentissage en ligne?<\/h2>\n                                <div class=\"wysiwyg \">\n                    <h5>La plateforme d\u2019apprentissage en ligne de la FHCC est votre destination pour acqu\u00e9rir les comp\u00e9tences et les connaissances n\u00e9cessaires pour g\u00e9rer une coop\u00e9rative harmonieuse et prosp\u00e8re et b\u00e2tir une communaut\u00e9 coop\u00e9rative solide.<\/h5>\n<p><span style=\"font-weight: 400\">Explorez les th\u00e8mes de la gouvernance, de la gestion, de l\u2019adh\u00e9sion et d\u2019autres questions cl\u00e9s relatives \u00e0 l\u2019habitation coop\u00e9rative.<\/span><\/p>\n\n                <\/div>\n                            <\/div>\n                            <div class=\"flex-1 flex flex-col\" >\n                                                                <div class=\"flex flex-col gap-4 mb-16\" data-stagger=\"true\">\n                                                                                                                    <div class=\"wysiwyg\"><p><span style=\"font-weight: 400\">La plupart des cours durent moins d\u2019une heure et se d\u00e9roulent \u00e0 votre rythme, ce qui facilite l\u2019apprentissage en petites \u00e9tapes faciles, en tout temps et o\u00f9 que vous soyez.<\/span><\/p>\n<p><span style=\"font-weight: 400\">La plateforme est ouverte \u00e0 tous et propose une vari\u00e9t\u00e9 de cours gratuits et payants. Vous trouverez des cours de la FHCC sur la gestion des risques et la gestion des actifs, et un cours d\u2019introduction pour le personnel et les gestionnaires des coop\u00e9ratives.<\/span><\/p>\n<\/div>\n                                                                                                            <\/div>\n                                    <\/div>\n                    <\/div>\n    <\/div>\n<\/section>\n\n\n<section data-pc-section=\"course-catalog\" class=\"pc-block-wrapper pc-block-wrapper--default pc-block-wrapper-top--medium pc-block-wrapper-bottom--medium relative\">\n        <div class=\"pc-container-lg\">\n                    <h2 class=\"mb-8 text-display-md! leading-display-md! font-bold\">Cours actuels<\/h2>\n        \n            <\/div>\n<\/section>\n\n\n<section data-pc-section=\"splitter\" class=\"pc-block-wrapper pc-block-wrapper--light-blue pc-block-wrapper-top--medium pc-block-wrapper-bottom--medium relative\">\n    \n    \n    <div class=\"pc-container-lg relative z-10 \">\n        \n        <div class=\"flex flex-col lg:flex-row gap-10 lg:gap-16 lg:items-start\">\n            <div class=\"flex-1 flex flex-col items-start lg:sticky lg:top-40\">\n                                                <div class=\"wysiwyg lg:max-w-240\">\n                    <p><span style=\"font-weight: 400\">Vous trouverez \u00e9galement des micro-cours d\u2019apprentissage en ligne propos\u00e9s dans le cadre de notre partenariat avec le Comit\u00e9 national de la formation, qui rassemblent l\u2019expertise et les ressources du secteur de l\u2019habitation coop\u00e9rative.\u00a0<\/span><\/p>\n<p><strong>Vous avez besoin d\u2019aide? Notre \u00e9quipe de formation est l\u00e0 pour vous aider.<\/strong><\/p>\n\n                <\/div>\n                                    <div class=\"flex flex-col lg:flex-row flex-wrap gap-4 mt-6\">\n                                                                                    <a class=\"group inline-flex items-center gap-2 transition-all no-underline! font-semibold group bg-dark-blue text-white px-6 py-3 rounded-sm hover:bg-very-dark-blue\" href=\"https:\/\/chf-ca.papercrane.ca\/?page_id=173#education\" >\n  Nous joindre\n\n      <svg aria-hidden=\"true\"  class=\"transition-transform translate-x-0 group-hover:translate-x-1\"  xmlns=\"http:\/\/www.w3.org\/2000\/svg\" width=\"24\" height=\"24\" viewBox=\"0 0 24 24\" fill=\"none\">\n  <path d=\"M12 16L16 12M16 12L12 8M16 12H8M22 12C22 17.5228 17.5228 22 12 22C6.47715 22 2 17.5228 2 12C2 6.47715 6.47715 2 12 2C17.5228 2 22 6.47715 22 12Z\" stroke=\"currentColor\" stroke-width=\"2\" stroke-linecap=\"round\" stroke-linejoin=\"round\"\/>\n<\/svg>  <\/a>\n                                                                        <\/div>\n                            <\/div>\n                    <\/div>\n    <\/div>\n<\/section>\n\n\n<section data-pc-section=\"testimonial\" class=\"pc-block-wrapper pc-block-wrapper--dark-blue pc-block-wrapper-top--medium pc-block-wrapper-bottom--medium relative overflow-hidden\">\n                <div class=\"absolute top-0 left-0 lg:left-auto lg:right-0 flex-1 w-full lg:w-[40%] h-full bg-very-dark-blue overflow-hidden z-1\">\n        <\/div>\n                    <div class=\"absolute hidden lg:block right-0 w-[150%] lg:w-auto h-24 lg:h-[150%] bottom-20 lg:-top-[25%] z-2 rotate-90 lg:rotate-0\">\n                <img decoding=\"async\"\n                    src=\"https:\/\/chf-ca.papercrane.ca\/wp-content\/themes\/chf-canada\/public\/build\/assets\/CHF-visual-dark-blue-DbdcWTDa.svg\"\n                    alt=\"\"\n                    class=\"w-full h-auto lg:h-full lg:w-auto max-w-32 \"\n                \/>\n            <\/div>\n            <div class=\"absolute lg:hidden right-0 w-full lg:w-auto h-26 bottom-20 lg:-top-[25%] lg:rotate-0 z-2\">\n                <img decoding=\"async\"\n                    src=\"https:\/\/chf-ca.papercrane.ca\/wp-content\/themes\/chf-canada\/public\/build\/assets\/CHF-visual-dark-blue-flat-mobile-BIeBuRnQ.svg\"\n                    alt=\"\"\n                    class=\"w-full h-auto max-h-26 \"\n                \/>\n            <\/div>\n                <div class=\"pc-container-lg relative z-10 pb-56 lg:pb-0\">\n        <div class=\"flex flex-col lg:flex-row lg:items-center\">\n            <div class=\"flex-1 lg:pr-12 lg:max-w-[70%]\">\n                <div class=\"bg-white rounded-2xl p-6 lg:p-8 relative shadow-lg\">\n                    <svg aria-hidden=\"true\"  class=\"w-16 h-14 lg:w-26 lg:h-24 text-light-blue absolute bottom-6 right-6 lg:top-6 lg:bottom-auto\"  xmlns=\"http:\/\/www.w3.org\/2000\/svg\" width=\"90\" height=\"80\" viewBox=\"0 0 90 80\" fill=\"none\">\n  <path d=\"M90 0.766808L87.6804 16.8611C82.9382 16.4484 79.1753 17.2737 76.3918 19.3371C73.6083 21.2973 71.701 24.1344 70.6701 27.8485C69.7423 31.4594 69.5876 35.5861 70.2062 40.2287H90V80H51.8041V38.6811C51.8041 25.1661 55 14.9524 61.3918 8.04017C67.7835 1.02472 77.3196 -1.39973 90 0.766808ZM38.1959 0.766808L35.8763 16.8611C31.134 16.4484 27.3711 17.2737 24.5876 19.3371C21.8041 21.2973 19.8969 24.1344 18.866 27.8485C17.9381 31.4594 17.7835 35.5861 18.4021 40.2287H38.1959V80H0V38.6811C0 25.1661 3.19588 14.9524 9.58763 8.04017C15.9794 1.02472 25.5155 -1.39973 38.1959 0.766808Z\" fill=\"#DAE5F8\"\/>\n<\/svg>                                            <div class=\"mb-8 lg:mb-12 lg:pr-30\">\n                            <div class=\"font-semibold text-lg! leading-[167%]!\">\n                                <p><span style=\"font-weight: 400\">\u00ab\u00a0Ce cours \u00e9tait absolument fabuleux. C\u2019\u00e9tait une r\u00e9elle mine d\u2019informations. Il est bien con\u00e7u et facile \u00e0 suivre. J\u2019ai vraiment aim\u00e9 ce cours et je le recommande vivement \u00e0 tout le monde!\u00a0\u00bb<\/span><\/p>\n\n                            <\/div>\n                        <\/div>\n                    \n                                            <div class=\"flex flex-col gap-4\">\n                                                            <div class=\"flex flex-col gap-2\">\n                                                                            <p class=\"text-2xl! leading-[133%]! font-bold mb-0\">Andrea Gangel<\/p>\n                                                                                                                <p class=\"text-2xl! leading-[133%]! font-medium text-text-secondary mb-0\">Trillium Place Co-op, on You and Your Co-op: Starting Out as a Housing Co-op Manager<\/p>\n                                                                    <\/div>\n                                                                                <\/div>\n                                    <\/div>\n            <\/div>\n        <\/div>\n    <\/div>\n<\/section>\n","protected":false},"excerpt":{"rendered":"","protected":false},"author":2,"featured_media":0,"parent":5359,"menu_order":0,"comment_status":"closed","ping_status":"closed","template":"","meta":{"_acf_changed":false,"footnotes":""},"class_list":["post-5379","page","type-page","status-publish","hentry"],"acf":[],"yoast_head":"<!-- This site is optimized with the Yoast SEO plugin v27.2 - https:\/\/yoast.com\/product\/yoast-seo-wordpress\/ -->\n<title>Apprentissage en ligne - CHF Canada<\/title>\n<meta name=\"robots\" content=\"noindex, follow, max-snippet:-1, max-image-preview:large, max-video-preview:-1\" \/>\n<meta property=\"og:locale\" content=\"fr_FR\" \/>\n<meta property=\"og:type\" content=\"article\" \/>\n<meta property=\"og:title\" content=\"Apprentissage en ligne - CHF Canada\" \/>\n<meta property=\"og:url\" content=\"https:\/\/chf-ca.papercrane.ca\/fr\/apprentissage-en-ligne\/\" \/>\n<meta property=\"og:site_name\" content=\"CHF Canada\" \/>\n<meta property=\"article:publisher\" content=\"https:\/\/www.facebook.com\/chfcanada\/\" \/>\n<meta property=\"article:modified_time\" content=\"2026-02-26T17:38:57+00:00\" \/>\n<meta name=\"twitter:card\" content=\"summary_large_image\" \/>\n<meta name=\"twitter:site\" content=\"@chfcanada\" \/>\n<script type=\"application\/ld+json\" class=\"yoast-schema-graph\">{\"@context\":\"https:\/\/schema.org\",\"@graph\":[{\"@type\":\"WebPage\",\"@id\":\"https:\/\/chf-ca.papercrane.ca\/fr\/apprentissage-en-ligne\/\",\"url\":\"https:\/\/chf-ca.papercrane.ca\/fr\/apprentissage-en-ligne\/\",\"name\":\"Apprentissage en ligne - CHF Canada\",\"isPartOf\":{\"@id\":\"https:\/\/chf-ca.papercrane.ca\/#website\"},\"datePublished\":\"2026-01-28T18:28:32+00:00\",\"dateModified\":\"2026-02-26T17:38:57+00:00\",\"breadcrumb\":{\"@id\":\"https:\/\/chf-ca.papercrane.ca\/fr\/apprentissage-en-ligne\/#breadcrumb\"},\"inLanguage\":\"fr-FR\",\"potentialAction\":[{\"@type\":\"ReadAction\",\"target\":[\"https:\/\/chf-ca.papercrane.ca\/fr\/apprentissage-en-ligne\/\"]}]},{\"@type\":\"BreadcrumbList\",\"@id\":\"https:\/\/chf-ca.papercrane.ca\/fr\/apprentissage-en-ligne\/#breadcrumb\",\"itemListElement\":[{\"@type\":\"ListItem\",\"position\":1,\"name\":\"Home\",\"item\":\"https:\/\/chf-ca.papercrane.ca\/fr\/\"},{\"@type\":\"ListItem\",\"position\":2,\"name\":\"Apprentissage en ligne\"}]},{\"@type\":\"WebSite\",\"@id\":\"https:\/\/chf-ca.papercrane.ca\/#website\",\"url\":\"https:\/\/chf-ca.papercrane.ca\/\",\"name\":\"Co-operative Housing Federation Of Canada\",\"description\":\"CHF Canada\",\"publisher\":{\"@id\":\"https:\/\/chf-ca.papercrane.ca\/#organization\"},\"potentialAction\":[{\"@type\":\"SearchAction\",\"target\":{\"@type\":\"EntryPoint\",\"urlTemplate\":\"https:\/\/chf-ca.papercrane.ca\/?s={search_term_string}\"},\"query-input\":{\"@type\":\"PropertyValueSpecification\",\"valueRequired\":true,\"valueName\":\"search_term_string\"}}],\"inLanguage\":\"fr-FR\"},{\"@type\":\"Organization\",\"@id\":\"https:\/\/chf-ca.papercrane.ca\/#organization\",\"name\":\"Co-operative Housing Federation Of Canada\",\"url\":\"https:\/\/chf-ca.papercrane.ca\/\",\"logo\":{\"@type\":\"ImageObject\",\"inLanguage\":\"fr-FR\",\"@id\":\"https:\/\/chf-ca.papercrane.ca\/#\/schema\/logo\/image\/\",\"url\":\"https:\/\/chf-ca.papercrane.ca\/wp-content\/uploads\/2026\/02\/logo.svg\",\"contentUrl\":\"https:\/\/chf-ca.papercrane.ca\/wp-content\/uploads\/2026\/02\/logo.svg\",\"width\":1,\"height\":1,\"caption\":\"Co-operative Housing Federation Of Canada\"},\"image\":{\"@id\":\"https:\/\/chf-ca.papercrane.ca\/#\/schema\/logo\/image\/\"},\"sameAs\":[\"https:\/\/www.facebook.com\/chfcanada\/\",\"https:\/\/x.com\/chfcanada\",\"https:\/\/www.instagram.com\/chfcanada\/\",\"https:\/\/www.linkedin.com\/company\/chf-canada\"]}]}<\/script>\n<!-- \/ Yoast SEO plugin. -->","yoast_head_json":{"title":"Apprentissage en ligne - CHF Canada","robots":{"index":"noindex","follow":"follow","max-snippet":"max-snippet:-1","max-image-preview":"max-image-preview:large","max-video-preview":"max-video-preview:-1"},"og_locale":"fr_FR","og_type":"article","og_title":"Apprentissage en ligne - CHF Canada","og_url":"https:\/\/chf-ca.papercrane.ca\/fr\/apprentissage-en-ligne\/","og_site_name":"CHF Canada","article_publisher":"https:\/\/www.facebook.com\/chfcanada\/","article_modified_time":"2026-02-26T17:38:57+00:00","twitter_card":"summary_large_image","twitter_site":"@chfcanada","schema":{"@context":"https:\/\/schema.org","@graph":[{"@type":"WebPage","@id":"https:\/\/chf-ca.papercrane.ca\/fr\/apprentissage-en-ligne\/","url":"https:\/\/chf-ca.papercrane.ca\/fr\/apprentissage-en-ligne\/","name":"Apprentissage en ligne - CHF Canada","isPartOf":{"@id":"https:\/\/chf-ca.papercrane.ca\/#website"},"datePublished":"2026-01-28T18:28:32+00:00","dateModified":"2026-02-26T17:38:57+00:00","breadcrumb":{"@id":"https:\/\/chf-ca.papercrane.ca\/fr\/apprentissage-en-ligne\/#breadcrumb"},"inLanguage":"fr-FR","potentialAction":[{"@type":"ReadAction","target":["https:\/\/chf-ca.papercrane.ca\/fr\/apprentissage-en-ligne\/"]}]},{"@type":"BreadcrumbList","@id":"https:\/\/chf-ca.papercrane.ca\/fr\/apprentissage-en-ligne\/#breadcrumb","itemListElement":[{"@type":"ListItem","position":1,"name":"Home","item":"https:\/\/chf-ca.papercrane.ca\/fr\/"},{"@type":"ListItem","position":2,"name":"Apprentissage en ligne"}]},{"@type":"WebSite","@id":"https:\/\/chf-ca.papercrane.ca\/#website","url":"https:\/\/chf-ca.papercrane.ca\/","name":"Co-operative Housing Federation Of Canada","description":"CHF Canada","publisher":{"@id":"https:\/\/chf-ca.papercrane.ca\/#organization"},"potentialAction":[{"@type":"SearchAction","target":{"@type":"EntryPoint","urlTemplate":"https:\/\/chf-ca.papercrane.ca\/?s={search_term_string}"},"query-input":{"@type":"PropertyValueSpecification","valueRequired":true,"valueName":"search_term_string"}}],"inLanguage":"fr-FR"},{"@type":"Organization","@id":"https:\/\/chf-ca.papercrane.ca\/#organization","name":"Co-operative Housing Federation Of Canada","url":"https:\/\/chf-ca.papercrane.ca\/","logo":{"@type":"ImageObject","inLanguage":"fr-FR","@id":"https:\/\/chf-ca.papercrane.ca\/#\/schema\/logo\/image\/","url":"https:\/\/chf-ca.papercrane.ca\/wp-content\/uploads\/2026\/02\/logo.svg","contentUrl":"https:\/\/chf-ca.papercrane.ca\/wp-content\/uploads\/2026\/02\/logo.svg","width":1,"height":1,"caption":"Co-operative Housing Federation Of Canada"},"image":{"@id":"https:\/\/chf-ca.papercrane.ca\/#\/schema\/logo\/image\/"},"sameAs":["https:\/\/www.facebook.com\/chfcanada\/","https:\/\/x.com\/chfcanada","https:\/\/www.instagram.com\/chfcanada\/","https:\/\/www.linkedin.com\/company\/chf-canada"]}]}},"_links":{"self":[{"href":"https:\/\/chf-ca.papercrane.ca\/fr\/wp-json\/wp\/v2\/pages\/5379","targetHints":{"allow":["GET"]}}],"collection":[{"href":"https:\/\/chf-ca.papercrane.ca\/fr\/wp-json\/wp\/v2\/pages"}],"about":[{"href":"https:\/\/chf-ca.papercrane.ca\/fr\/wp-json\/wp\/v2\/types\/page"}],"author":[{"embeddable":true,"href":"https:\/\/chf-ca.papercrane.ca\/fr\/wp-json\/wp\/v2\/users\/2"}],"replies":[{"embeddable":true,"href":"https:\/\/chf-ca.papercrane.ca\/fr\/wp-json\/wp\/v2\/comments?post=5379"}],"version-history":[{"count":2,"href":"https:\/\/chf-ca.papercrane.ca\/fr\/wp-json\/wp\/v2\/pages\/5379\/revisions"}],"predecessor-version":[{"id":5381,"href":"https:\/\/chf-ca.papercrane.ca\/fr\/wp-json\/wp\/v2\/pages\/5379\/revisions\/5381"}],"up":[{"embeddable":true,"href":"https:\/\/chf-ca.papercrane.ca\/fr\/wp-json\/wp\/v2\/pages\/5359"}],"wp:attachment":[{"href":"https:\/\/chf-ca.papercrane.ca\/fr\/wp-json\/wp\/v2\/media?parent=5379"}],"curies":[{"name":"wp","href":"https:\/\/api.w.org\/{rel}","templated":true}]}}