{"id":5319,"date":"2026-01-28T11:28:32","date_gmt":"2026-01-28T18:28:32","guid":{"rendered":"https:\/\/chf-ca.papercrane.ca\/?page_id=5319"},"modified":"2026-02-25T10:12:38","modified_gmt":"2026-02-25T17:12:38","slug":"prix-et-bourses-detudes","status":"publish","type":"page","link":"https:\/\/chf-ca.papercrane.ca\/fr\/programmes\/prix-et-bourses-detudes\/","title":{"rendered":"Prix et bourses d\u2019\u00e9tudes"},"content":{"rendered":"<section data-pc-section=\"tertiary-hero\" class=\"pc-block-wrapper pc-block-wrapper--white pc-block-wrapper-top--medium pc-block-wrapper-bottom--medium relative pt-24! lg:pt-56! lg:pb-6! flex flex-col lg:flex-row lg:items-center\">\n        \n    <div class=\"pc-container-lg \">\n        <div class=\"flex flex-col lg:flex-row gap-10\">\n            <div class=\"pt-8 lg:py-0 flex-1 flex flex-col items-start max-w-240\" data-stagger='true'>\n                                    <div class=\"inline-flex px-4 py-2 rounded-[120rem] text-base! leading-none tracking-wider font-medium text-dark-blue bg-light-blue mb-3\">\n  Adh\u00e9sion\n<\/div>\n                \n                                    <h2 class=\"text-[2rem]! lg:text-[3rem]! font-bold leading-[125%]! mb-4\">Prix et bourses d\u2019\u00e9tudes<\/h2>\n                \n                                            <\/div>\n                            <div class=\"flex-1 flex lg:items-center\">\n                    <div class=\"wysiwyg\"><h6>Chaque ann\u00e9e, la FHCC c\u00e9l\u00e8bre et soutient les coop\u00e9ratives d\u2019habitation et leurs membres au moyen de subventions, de prix et de bourses!<\/h6>\n<\/div>\n                <\/div>\n                    <\/div>\n            <\/div>\n<\/section>\n\n\n<nav\n         data-pc-section=\"anchor-navigation\"         data-position=\"top\"\n        aria-label=\"Page navigation\"\n        class=\"py-8 bg-dark-blue w-full\"\n    >\n        <div class=\"pc-container-lg\">\n                                    <ul class=\"grid grid-cols-1 md:grid-cols-3 lg:grid-cols-4 justify-between gap-4\" role=\"list\">\n                                    <li>\n                        <a\n                            href=\"#awards\"\n                            data-anchor=\"awards\"\n                            class=\"px-3 py-2 bg-white w-full rounded-md pc-shadow-md flex-1 flex gap-2 items-center justify-between text-base font-bold text-dark-blue no-underline! hover:bg-gray-100 focus:outline-none focus:ring-2 focus:ring-offset-2 focus:ring-dark-blue transition-colors\"\n                            aria-label=\"Jump to Prix\"\n                        >\n                            <span class=\"truncate flex-1\">\n                                Prix\n                            <\/span>\n                            <svg aria-hidden=\"true\"  class=\"shrink-0\"  xmlns=\"http:\/\/www.w3.org\/2000\/svg\" width=\"12\" height=\"14\" viewBox=\"0 0 12 14\" fill=\"none\">\n  <path d=\"M1 8L6 13L11 8M1 1L6 6L11 1\" stroke=\"currentColor\" stroke-width=\"2\" stroke-linecap=\"round\" stroke-linejoin=\"round\"\/>\n<\/svg>                        <\/a>\n                    <\/li>\n                                    <li>\n                        <a\n                            href=\"#grants\"\n                            data-anchor=\"grants\"\n                            class=\"px-3 py-2 bg-white w-full rounded-md pc-shadow-md flex-1 flex gap-2 items-center justify-between text-base font-bold text-dark-blue no-underline! hover:bg-gray-100 focus:outline-none focus:ring-2 focus:ring-offset-2 focus:ring-dark-blue transition-colors\"\n                            aria-label=\"Jump to Subventions\"\n                        >\n                            <span class=\"truncate flex-1\">\n                                Subventions\n                            <\/span>\n                            <svg aria-hidden=\"true\"  class=\"shrink-0\"  xmlns=\"http:\/\/www.w3.org\/2000\/svg\" width=\"12\" height=\"14\" viewBox=\"0 0 12 14\" fill=\"none\">\n  <path d=\"M1 8L6 13L11 8M1 1L6 6L11 1\" stroke=\"currentColor\" stroke-width=\"2\" stroke-linecap=\"round\" stroke-linejoin=\"round\"\/>\n<\/svg>                        <\/a>\n                    <\/li>\n                                    <li>\n                        <a\n                            href=\"#scholarships\"\n                            data-anchor=\"scholarships\"\n                            class=\"px-3 py-2 bg-white w-full rounded-md pc-shadow-md flex-1 flex gap-2 items-center justify-between text-base font-bold text-dark-blue no-underline! hover:bg-gray-100 focus:outline-none focus:ring-2 focus:ring-offset-2 focus:ring-dark-blue transition-colors\"\n                            aria-label=\"Jump to Bourses d\u2019\u00e9tudes\"\n                        >\n                            <span class=\"truncate flex-1\">\n                                Bourses d\u2019\u00e9tudes\n                            <\/span>\n                            <svg aria-hidden=\"true\"  class=\"shrink-0\"  xmlns=\"http:\/\/www.w3.org\/2000\/svg\" width=\"12\" height=\"14\" viewBox=\"0 0 12 14\" fill=\"none\">\n  <path d=\"M1 8L6 13L11 8M1 1L6 6L11 1\" stroke=\"currentColor\" stroke-width=\"2\" stroke-linecap=\"round\" stroke-linejoin=\"round\"\/>\n<\/svg>                        <\/a>\n                    <\/li>\n                                    <li>\n                        <a\n                            href=\"#other\"\n                            data-anchor=\"other\"\n                            class=\"px-3 py-2 bg-white w-full rounded-md pc-shadow-md flex-1 flex gap-2 items-center justify-between text-base font-bold text-dark-blue no-underline! hover:bg-gray-100 focus:outline-none focus:ring-2 focus:ring-offset-2 focus:ring-dark-blue transition-colors\"\n                            aria-label=\"Jump to Autre\"\n                        >\n                            <span class=\"truncate flex-1\">\n                                Autre\n                            <\/span>\n                            <svg aria-hidden=\"true\"  class=\"shrink-0\"  xmlns=\"http:\/\/www.w3.org\/2000\/svg\" width=\"12\" height=\"14\" viewBox=\"0 0 12 14\" fill=\"none\">\n  <path d=\"M1 8L6 13L11 8M1 1L6 6L11 1\" stroke=\"currentColor\" stroke-width=\"2\" stroke-linecap=\"round\" stroke-linejoin=\"round\"\/>\n<\/svg>                        <\/a>\n                    <\/li>\n                            <\/ul>\n        <\/div>\n    <\/nav>\n\n\n<section data-pc-section=\"awards-catalog\" class=\"pc-block-wrapper pc-block-wrapper--white pc-block-wrapper-top--medium pc-block-wrapper-bottom--medium relative\">\n        <div class=\"pc-container-lg flex flex-col gap-10\">\n                                    <div class=\"relative w-full\">\n                    <div id=\"awards\" class=\"absolute -top-32\"><\/div>\n                    <div class=\"w-full gap-6 flex items-center mb-6\">\n                        <h2 class=\"text-2xl! font-bold leading-[125%]! lg:text-[2rem]!\">Awards<\/h2>\n                        <div class=\"w-full flex-1 h-px bg-[#DAE5F8]\"><\/div>\n                    <\/div>\n                                            <div class=\"flex flex-col gap-6 w-full\">\n                                                                                    <div class=\"accordion-item w-full py-5 lg:p-5 bg-white rounded-2xl border-b border-[#DAE5F8]\">\n                                <button type=\"button\" class=\"accordion-trigger flex flex-col lg:flex-row gap:3 lg:gap-0 items-center justify-between w-full cursor-pointer text-left\" aria-expanded=\"false\" aria-controls=\"award-accordion-69d15f731887a\">\n                                    <div class=\"flex-1 w-full flex items-center gap-4 pb-2 lg:pb-0 \">\n                                        <div class=\"rounded-full w-12 h-12 p-2 bg-light-blue text-dark-blue flex items-center justify-center\">\n                                            <svg aria-hidden=\"true\"  xmlns=\"http:\/\/www.w3.org\/2000\/svg\" width=\"23\" height=\"30\" viewBox=\"0 0 23 30\" fill=\"none\">\n  <path d=\"M5.99155 19.4466L4.83333 28.1667L10.9512 24.4959C11.1507 24.3762 11.2505 24.3164 11.357 24.293C11.4512 24.2723 11.5488 24.2723 11.643 24.293C11.7495 24.3164 11.8493 24.3762 12.0488 24.4959L18.1667 28.1667L17.0092 19.4428M17.4012 4.49851C17.6071 4.99653 18.0024 5.3924 18.5001 5.59907L20.2452 6.32198C20.7433 6.52828 21.139 6.92399 21.3453 7.42206C21.5516 7.92012 21.5516 8.47974 21.3453 8.97781L20.6229 10.7218C20.4165 11.2201 20.4162 11.7803 20.6236 12.2783L21.3447 14.0218C21.4469 14.2685 21.4996 14.5329 21.4996 14.7999C21.4997 15.067 21.4471 15.3314 21.3449 15.5781C21.2427 15.8249 21.0929 16.049 20.9041 16.2378C20.7152 16.4266 20.491 16.5764 20.2443 16.6785L18.5004 17.4009C18.0023 17.6068 17.6065 18.0021 17.3998 18.4998L16.6769 20.245C16.4707 20.7431 16.075 21.1388 15.5769 21.3451C15.0789 21.5514 14.5193 21.5514 14.0212 21.3451L12.2773 20.6227C11.7792 20.4169 11.2198 20.4173 10.7221 20.6239L8.97689 21.3458C8.47912 21.5516 7.92001 21.5514 7.42237 21.3453C6.92473 21.1391 6.52925 20.7439 6.32281 20.2464L5.59972 18.5006C5.3938 18.0026 4.99854 17.6067 4.50085 17.4L2.75566 16.6771C2.25783 16.4709 1.86226 16.0754 1.65588 15.5777C1.44951 15.0799 1.44923 14.5205 1.6551 14.0225L2.37746 12.2785C2.58325 11.7805 2.58283 11.2211 2.3763 10.7233L1.65497 8.97678C1.5527 8.7301 1.50004 8.46568 1.5 8.19863C1.49996 7.93159 1.55253 7.66715 1.65472 7.42043C1.75691 7.17372 1.90671 6.94955 2.09557 6.76075C2.28442 6.57195 2.50862 6.42222 2.75537 6.3201L4.4993 5.59772C4.99687 5.39197 5.39249 4.9972 5.5993 4.50006L6.32218 2.75481C6.52848 2.25674 6.92418 1.86103 7.42222 1.65473C7.92027 1.44842 8.47987 1.44842 8.97792 1.65473L10.7218 2.37712C11.2199 2.58291 11.7793 2.58249 12.2771 2.37595L14.023 1.65585C14.521 1.44966 15.0804 1.4497 15.5784 1.65597C16.0763 1.86223 16.472 2.25783 16.6783 2.75576L17.4014 4.50153L17.4012 4.49851Z\" stroke=\"currentColor\" stroke-width=\"3\" stroke-linecap=\"round\" stroke-linejoin=\"round\"\/>\n<\/svg>                                        <\/div>\n                                        <h3 class=\"flex-1 text-2xl! font-bold leading-[125%]!\">Prix Champion de l\u2019habitation coop\u00e9rative<\/h3>\n                                    <\/div>\n                                                                            <div class=\"flex-1 w-full border-t pt-4 lg:pl-4 lg:border-l lg:border-t-0 border-[#DAE5F8]\">                                 \n                                            <p>Ce prix r\u00e9compense une personne remarquable dont la pr\u00e9sence, les efforts et l\u2019esprit communautaire ont contribu\u00e9 \u00e0 faire de sa coop\u00e9rative et de son quartier un meilleur endroit o\u00f9 vivre.\n<\/p>\n                                        <\/div>\n                                                                        <div class=\"flex-1 w-full flex gap-5 items-center justify-end\">\n                                        <div class=\"accordion-icons relative w-10 h-10 text-dark-blue\">\n                                            <div class=\"accordion-icon-plus w-full h-full absolute inset-0 transition-opacity duration-300 opacity-100\">\n                                                <svg aria-hidden=\"true\"  class=\"size-10\"  xmlns=\"http:\/\/www.w3.org\/2000\/svg\" width=\"36\" height=\"36\" viewBox=\"0 0 36 36\" fill=\"none\">\n  <path d=\"M17.6667 11V24.3333M11 17.6667H24.3333M34.3333 17.6667C34.3333 26.8714 26.8714 34.3333 17.6667 34.3333C8.46192 34.3333 1 26.8714 1 17.6667C1 8.46192 8.46192 1 17.6667 1C26.8714 1 34.3333 8.46192 34.3333 17.6667Z\" stroke=\"#002367\" stroke-width=\"2\" stroke-linecap=\"round\" stroke-linejoin=\"round\"\/>\n<\/svg>                                            <\/div>\n                                            <div class=\"accordion-icon-minus w-full h-full absolute inset-0 transition-opacity duration-300 opacity-0\">\n                                                <svg aria-hidden=\"true\"  class=\"size-10\"  xmlns=\"http:\/\/www.w3.org\/2000\/svg\" width=\"36\" height=\"36\" viewBox=\"0 0 36 36\" fill=\"none\">\n  <path d=\"M11 17.6667H24.3333M34.3333 17.6667C34.3333 26.8714 26.8714 34.3333 17.6667 34.3333C8.46192 34.3333 1 26.8714 1 17.6667C1 8.46192 8.46192 1 17.6667 1C26.8714 1 34.3333 8.46192 34.3333 17.6667Z\" stroke=\"#002367\" stroke-width=\"2\" stroke-linecap=\"round\" stroke-linejoin=\"round\"\/>\n<\/svg>                                            <\/div>\n                                        <\/div>\n                                    <\/div>\n                                <\/button>\n                                <div id=\"award-accordion-69d15f731887a\" class=\"accordion-content overflow-hidden transition-all duration-300\" style=\"max-height: 0;\">\n                                    <div class=\"accordion-content-inner py-8\">\n                                                                                                                            <div class=\"wysiwyg\"><p>Admissibilit\u00e9<br \/>\nPersonne vivant dans une coop\u00e9rative d\u2019habitation qui :  <\/p>\n<ul>\n<li style=\"font-weight: 400\"><span style=\"font-weight: 400\">Inspire ses voisins par sa pr\u00e9sence et fait ressortir le meilleur chez les gens;<\/span><\/li>\n<li style=\"font-weight: 400\"><span style=\"font-weight: 400\">A fait de sa coop\u00e9rative d\u2019habitation et de sa communaut\u00e9 un meilleur endroit o\u00f9 vivre;<\/span><\/li>\n<li style=\"font-weight: 400\"><span style=\"font-weight: 400\">Fait la promotion des avantages d\u2019un mode de vie coop\u00e9ratif;<\/span><\/li>\n<li style=\"font-weight: 400\"><span style=\"font-weight: 400\">Contribue de fa\u00e7on significative et durable \u00e0 sa coop\u00e9rative, de fa\u00e7on \u00e0 servir d\u2019inspiration aux membres de l\u2019ensemble du Canada.<\/span><\/li>\n<\/ul>\n<p><span style=\"font-weight: 400\">Vous connaissez quelqu\u2019un qui correspond \u00e0 cette description? Envisagez de soumettre sa candidature pour le prix Champion de l\u2019habitation coop\u00e9rative! <\/span><\/p>\n<p>Reconnaissance<br \/>\nTous les deux ans, une laur\u00e9ate sera honor\u00e9e lors de l\u2019assembl\u00e9e annuelle de la FHCC et b\u00e9n\u00e9ficiera d\u2019une inscription gratuite \u00e0 l\u2019assembl\u00e9e et d\u2019un soutien pour s\u2019y rendre. <\/p>\n<p>\u00a0<\/p>\n<p>Comment soumettre une demande<br \/>La p\u00e9riode de mise en candidature est ouverte jusqu\u2019au 20 mars 2026 \u00e0 17 h (HE). <\/p>\n<p><i><span style=\"font-weight: 400\">Vous avez des questions? Remplissez le formulaire de demande g\u00e9n\u00e9rale <\/span><\/i><\/p>\n<p><a href=\"https:\/\/docs.google.com\/document\/d\/1VPHNp1h7Miej4JjYD0jjzazpvJhBBV3BXOuz_5Dfa3g\/edit?tab=t.0#heading=h.bunsi5ovinht\"><span style=\"font-weight: 400\">Coordonn\u00e9es<\/span><\/a><\/p>\n<\/div>\n                                                                                                                                                                <div class=\"mt-8\">\n                                            <a class=\"group inline-flex items-center gap-2 transition-all no-underline! font-semibold group bg-dark-blue text-white px-6 py-3 rounded-sm hover:bg-very-dark-blue\" href=\"\/contact\" >\n  Contactez-nous\n\n      <svg aria-hidden=\"true\"  class=\"transition-transform translate-x-0 group-hover:translate-x-1\"  xmlns=\"http:\/\/www.w3.org\/2000\/svg\" width=\"24\" height=\"24\" viewBox=\"0 0 24 24\" fill=\"none\">\n  <path d=\"M12 16L16 12M16 12L12 8M16 12H8M22 12C22 17.5228 17.5228 22 12 22C6.47715 22 2 17.5228 2 12C2 6.47715 6.47715 2 12 2C17.5228 2 22 6.47715 22 12Z\" stroke=\"currentColor\" stroke-width=\"2\" stroke-linecap=\"round\" stroke-linejoin=\"round\"\/>\n<\/svg>  <\/a>\n                                        <\/div>\n                                    <\/div>\n                                <\/div>\n                            <\/div>\n                                                    <\/div>\n                                    <\/div>\n                        <\/div>\n<\/section>\n","protected":false},"excerpt":{"rendered":"","protected":false},"author":2,"featured_media":0,"parent":5308,"menu_order":2,"comment_status":"closed","ping_status":"closed","template":"","meta":{"_acf_changed":false,"footnotes":""},"class_list":["post-5319","page","type-page","status-publish","hentry"],"acf":[],"yoast_head":"<!-- This site is optimized with the Yoast SEO plugin v27.2 - https:\/\/yoast.com\/product\/yoast-seo-wordpress\/ -->\n<title>Prix et bourses d\u2019\u00e9tudes - CHF Canada<\/title>\n<meta name=\"robots\" content=\"noindex, follow, max-snippet:-1, max-image-preview:large, max-video-preview:-1\" \/>\n<meta property=\"og:locale\" content=\"fr_FR\" \/>\n<meta property=\"og:type\" content=\"article\" \/>\n<meta property=\"og:title\" content=\"Prix et bourses d\u2019\u00e9tudes - CHF Canada\" \/>\n<meta property=\"og:url\" content=\"https:\/\/chf-ca.papercrane.ca\/fr\/programmes\/prix-et-bourses-detudes\/\" \/>\n<meta property=\"og:site_name\" content=\"CHF Canada\" \/>\n<meta property=\"article:publisher\" content=\"https:\/\/www.facebook.com\/chfcanada\/\" \/>\n<meta property=\"article:modified_time\" content=\"2026-02-25T17:12:38+00:00\" \/>\n<meta name=\"twitter:card\" content=\"summary_large_image\" \/>\n<meta name=\"twitter:site\" content=\"@chfcanada\" \/>\n<script type=\"application\/ld+json\" class=\"yoast-schema-graph\">{\"@context\":\"https:\/\/schema.org\",\"@graph\":[{\"@type\":\"WebPage\",\"@id\":\"https:\/\/chf-ca.papercrane.ca\/fr\/programmes\/prix-et-bourses-detudes\/\",\"url\":\"https:\/\/chf-ca.papercrane.ca\/fr\/programmes\/prix-et-bourses-detudes\/\",\"name\":\"Prix et bourses d\u2019\u00e9tudes - CHF Canada\",\"isPartOf\":{\"@id\":\"https:\/\/chf-ca.papercrane.ca\/#website\"},\"datePublished\":\"2026-01-28T18:28:32+00:00\",\"dateModified\":\"2026-02-25T17:12:38+00:00\",\"breadcrumb\":{\"@id\":\"https:\/\/chf-ca.papercrane.ca\/fr\/programmes\/prix-et-bourses-detudes\/#breadcrumb\"},\"inLanguage\":\"fr-FR\",\"potentialAction\":[{\"@type\":\"ReadAction\",\"target\":[\"https:\/\/chf-ca.papercrane.ca\/fr\/programmes\/prix-et-bourses-detudes\/\"]}]},{\"@type\":\"BreadcrumbList\",\"@id\":\"https:\/\/chf-ca.papercrane.ca\/fr\/programmes\/prix-et-bourses-detudes\/#breadcrumb\",\"itemListElement\":[{\"@type\":\"ListItem\",\"position\":1,\"name\":\"Home\",\"item\":\"https:\/\/chf-ca.papercrane.ca\/fr\/\"},{\"@type\":\"ListItem\",\"position\":2,\"name\":\"Programmes\",\"item\":\"https:\/\/chf-ca.papercrane.ca\/fr\/programmes\/\"},{\"@type\":\"ListItem\",\"position\":3,\"name\":\"Prix et bourses d\u2019\u00e9tudes\"}]},{\"@type\":\"WebSite\",\"@id\":\"https:\/\/chf-ca.papercrane.ca\/#website\",\"url\":\"https:\/\/chf-ca.papercrane.ca\/\",\"name\":\"Co-operative Housing Federation Of Canada\",\"description\":\"CHF Canada\",\"publisher\":{\"@id\":\"https:\/\/chf-ca.papercrane.ca\/#organization\"},\"potentialAction\":[{\"@type\":\"SearchAction\",\"target\":{\"@type\":\"EntryPoint\",\"urlTemplate\":\"https:\/\/chf-ca.papercrane.ca\/?s={search_term_string}\"},\"query-input\":{\"@type\":\"PropertyValueSpecification\",\"valueRequired\":true,\"valueName\":\"search_term_string\"}}],\"inLanguage\":\"fr-FR\"},{\"@type\":\"Organization\",\"@id\":\"https:\/\/chf-ca.papercrane.ca\/#organization\",\"name\":\"Co-operative Housing Federation Of Canada\",\"url\":\"https:\/\/chf-ca.papercrane.ca\/\",\"logo\":{\"@type\":\"ImageObject\",\"inLanguage\":\"fr-FR\",\"@id\":\"https:\/\/chf-ca.papercrane.ca\/#\/schema\/logo\/image\/\",\"url\":\"https:\/\/chf-ca.papercrane.ca\/wp-content\/uploads\/2026\/02\/logo.svg\",\"contentUrl\":\"https:\/\/chf-ca.papercrane.ca\/wp-content\/uploads\/2026\/02\/logo.svg\",\"width\":1,\"height\":1,\"caption\":\"Co-operative Housing Federation Of Canada\"},\"image\":{\"@id\":\"https:\/\/chf-ca.papercrane.ca\/#\/schema\/logo\/image\/\"},\"sameAs\":[\"https:\/\/www.facebook.com\/chfcanada\/\",\"https:\/\/x.com\/chfcanada\",\"https:\/\/www.instagram.com\/chfcanada\/\",\"https:\/\/www.linkedin.com\/company\/chf-canada\"]}]}<\/script>\n<!-- \/ Yoast SEO plugin. -->","yoast_head_json":{"title":"Prix et bourses d\u2019\u00e9tudes - CHF Canada","robots":{"index":"noindex","follow":"follow","max-snippet":"max-snippet:-1","max-image-preview":"max-image-preview:large","max-video-preview":"max-video-preview:-1"},"og_locale":"fr_FR","og_type":"article","og_title":"Prix et bourses d\u2019\u00e9tudes - CHF Canada","og_url":"https:\/\/chf-ca.papercrane.ca\/fr\/programmes\/prix-et-bourses-detudes\/","og_site_name":"CHF Canada","article_publisher":"https:\/\/www.facebook.com\/chfcanada\/","article_modified_time":"2026-02-25T17:12:38+00:00","twitter_card":"summary_large_image","twitter_site":"@chfcanada","schema":{"@context":"https:\/\/schema.org","@graph":[{"@type":"WebPage","@id":"https:\/\/chf-ca.papercrane.ca\/fr\/programmes\/prix-et-bourses-detudes\/","url":"https:\/\/chf-ca.papercrane.ca\/fr\/programmes\/prix-et-bourses-detudes\/","name":"Prix et bourses d\u2019\u00e9tudes - CHF Canada","isPartOf":{"@id":"https:\/\/chf-ca.papercrane.ca\/#website"},"datePublished":"2026-01-28T18:28:32+00:00","dateModified":"2026-02-25T17:12:38+00:00","breadcrumb":{"@id":"https:\/\/chf-ca.papercrane.ca\/fr\/programmes\/prix-et-bourses-detudes\/#breadcrumb"},"inLanguage":"fr-FR","potentialAction":[{"@type":"ReadAction","target":["https:\/\/chf-ca.papercrane.ca\/fr\/programmes\/prix-et-bourses-detudes\/"]}]},{"@type":"BreadcrumbList","@id":"https:\/\/chf-ca.papercrane.ca\/fr\/programmes\/prix-et-bourses-detudes\/#breadcrumb","itemListElement":[{"@type":"ListItem","position":1,"name":"Home","item":"https:\/\/chf-ca.papercrane.ca\/fr\/"},{"@type":"ListItem","position":2,"name":"Programmes","item":"https:\/\/chf-ca.papercrane.ca\/fr\/programmes\/"},{"@type":"ListItem","position":3,"name":"Prix et bourses d\u2019\u00e9tudes"}]},{"@type":"WebSite","@id":"https:\/\/chf-ca.papercrane.ca\/#website","url":"https:\/\/chf-ca.papercrane.ca\/","name":"Co-operative Housing Federation Of Canada","description":"CHF Canada","publisher":{"@id":"https:\/\/chf-ca.papercrane.ca\/#organization"},"potentialAction":[{"@type":"SearchAction","target":{"@type":"EntryPoint","urlTemplate":"https:\/\/chf-ca.papercrane.ca\/?s={search_term_string}"},"query-input":{"@type":"PropertyValueSpecification","valueRequired":true,"valueName":"search_term_string"}}],"inLanguage":"fr-FR"},{"@type":"Organization","@id":"https:\/\/chf-ca.papercrane.ca\/#organization","name":"Co-operative Housing Federation Of Canada","url":"https:\/\/chf-ca.papercrane.ca\/","logo":{"@type":"ImageObject","inLanguage":"fr-FR","@id":"https:\/\/chf-ca.papercrane.ca\/#\/schema\/logo\/image\/","url":"https:\/\/chf-ca.papercrane.ca\/wp-content\/uploads\/2026\/02\/logo.svg","contentUrl":"https:\/\/chf-ca.papercrane.ca\/wp-content\/uploads\/2026\/02\/logo.svg","width":1,"height":1,"caption":"Co-operative Housing Federation Of Canada"},"image":{"@id":"https:\/\/chf-ca.papercrane.ca\/#\/schema\/logo\/image\/"},"sameAs":["https:\/\/www.facebook.com\/chfcanada\/","https:\/\/x.com\/chfcanada","https:\/\/www.instagram.com\/chfcanada\/","https:\/\/www.linkedin.com\/company\/chf-canada"]}]}},"_links":{"self":[{"href":"https:\/\/chf-ca.papercrane.ca\/fr\/wp-json\/wp\/v2\/pages\/5319","targetHints":{"allow":["GET"]}}],"collection":[{"href":"https:\/\/chf-ca.papercrane.ca\/fr\/wp-json\/wp\/v2\/pages"}],"about":[{"href":"https:\/\/chf-ca.papercrane.ca\/fr\/wp-json\/wp\/v2\/types\/page"}],"author":[{"embeddable":true,"href":"https:\/\/chf-ca.papercrane.ca\/fr\/wp-json\/wp\/v2\/users\/2"}],"replies":[{"embeddable":true,"href":"https:\/\/chf-ca.papercrane.ca\/fr\/wp-json\/wp\/v2\/comments?post=5319"}],"version-history":[{"count":1,"href":"https:\/\/chf-ca.papercrane.ca\/fr\/wp-json\/wp\/v2\/pages\/5319\/revisions"}],"predecessor-version":[{"id":5320,"href":"https:\/\/chf-ca.papercrane.ca\/fr\/wp-json\/wp\/v2\/pages\/5319\/revisions\/5320"}],"up":[{"embeddable":true,"href":"https:\/\/chf-ca.papercrane.ca\/fr\/wp-json\/wp\/v2\/pages\/5308"}],"wp:attachment":[{"href":"https:\/\/chf-ca.papercrane.ca\/fr\/wp-json\/wp\/v2\/media?parent=5319"}],"curies":[{"name":"wp","href":"https:\/\/api.w.org\/{rel}","templated":true}]}}