{"id":5312,"date":"2026-01-28T11:28:32","date_gmt":"2026-01-28T18:28:32","guid":{"rendered":"https:\/\/chf-ca.papercrane.ca\/?page_id=5312"},"modified":"2026-02-25T09:59:18","modified_gmt":"2026-02-25T16:59:18","slug":"vieillissement-chez-soi","status":"publish","type":"page","link":"https:\/\/chf-ca.papercrane.ca\/fr\/programmes\/vieillissement-chez-soi\/","title":{"rendered":"Vieillissement chez soi\u00a0"},"content":{"rendered":"<section data-pc-section=\"tertiary-hero\" class=\"pc-block-wrapper pc-block-wrapper--default pc-block-wrapper-top--medium pc-block-wrapper-bottom--medium relative pt-24! lg:pt-56! lg:pb-6! flex flex-col lg:flex-row lg:items-center\">\n        \n    <div class=\"pc-container-lg \">\n        <div class=\"flex flex-col lg:flex-row gap-10\">\n            <div class=\"pt-8 lg:py-0 flex-1 flex flex-col items-start max-w-240\" data-stagger='true'>\n                                    <div class=\"inline-flex px-4 py-2 rounded-[120rem] text-base! leading-none tracking-wider font-medium text-dark-blue bg-light-blue mb-3\">\n  Adh\u00e9sion\n<\/div>\n                \n                                    <h2 class=\"text-[2rem]! lg:text-[3rem]! font-bold leading-[125%]! mb-4\">R\u00e9seau d\u2019\u00e9change sur le vieillissement chez soi de la FHCC!<\/h2>\n                \n                                            <\/div>\n                            <div class=\"flex-1 flex lg:items-center\">\n                    <div class=\"wysiwyg\"><h6>Le R\u00e9seau d\u2019\u00e9change sur le vieillissement chez soi est une communaut\u00e9 nationale en ligne qui r\u00e9unit des leaders de l\u2019habitation coop\u00e9rative ayant de l\u2019exp\u00e9rience, un int\u00e9r\u00eat et une expertise concr\u00e8te en mati\u00e8re de vieillissement chez soi.<\/h6>\n<\/div>\n                <\/div>\n                    <\/div>\n            <\/div>\n<\/section>\n\n\n<section data-pc-section=\"text-and-image\" class=\"pc-block-wrapper pc-block-wrapper--default pc-block-wrapper-top--medium pc-block-wrapper-bottom--medium relative \">\n        <div class=\"pc-container-lg\">\n        <div class=\"flex flex-col lg:flex-row-reverse gap-6 lg:gap-10 links-center\" data-stagger='true'>\n                            <div class=\"flex-1 flex relative links-center justify-center items-center \">\n                                                                                    <img decoding=\"async\"\n                        src=\"https:\/\/chf-ca.papercrane.ca\/wp-content\/uploads\/2026\/02\/d36a9b3ff85b177ec9be5fb0c9b2a9cdd1fac8d9.webp\"\n                        alt=\"\"\n                        class=\"w-full h-80 lg:h-160 max-h-80 lg:max-h-160 rounded-2xl object-cover\"\n                        >\n                                    <\/div>\n                        <div class=\"flex-1 flex flex-col lg:justify-center items-start bg-white pc-shadow-md px-4 py-6 lg:px-8 lg:py-10 rounded-2xl\">\n                \n                                                            <h4 class=\"font-bold! tracking-[0.04rem] mb-4\">La plateforme du R\u00e9seau est un espace d\u2019\u00e9change d\u2019initiatives et de connaissances.<\/h4>\n                                    \n                                    <div class=\"mb-4 wysiwyg\"><h6>Nous \u00e9changeons des histoires et des exp\u00e9riences v\u00e9cues de coop\u00e9ratives de partout au Canada.<\/h6>\n<p><span style=\"font-weight: 400\">Les membres peuvent interagir entre les \u00e9v\u00e9nements, \u00e9changer des id\u00e9es et participer \u00e0 des pr\u00e9sentations en ligne, \u00e0 des discussions de groupe et \u00e0 des ateliers pour faire progresser l\u2019apprentissage collectif.<\/span><\/p>\n<\/div>\n                                                    <div class=\"flex flex-col lg:flex-row flex-wrap items-start lg:items-center gap-4\">\n                                                                                                                    <a class=\"group inline-flex items-center gap-2 transition-all no-underline! font-semibold group bg-dark-blue text-white px-6 py-3 rounded-sm hover:bg-very-dark-blue\" href=\"https:\/\/chf-ca.papercrane.ca\/?page_id=328\" >\n  Assembl\u00e9e g\u00e9n\u00e9rale annuelle\n\n      <svg aria-hidden=\"true\"  class=\"transition-transform translate-x-0 group-hover:translate-x-1\"  xmlns=\"http:\/\/www.w3.org\/2000\/svg\" width=\"24\" height=\"24\" viewBox=\"0 0 24 24\" fill=\"none\">\n  <path d=\"M12 16L16 12M16 12L12 8M16 12H8M22 12C22 17.5228 17.5228 22 12 22C6.47715 22 2 17.5228 2 12C2 6.47715 6.47715 2 12 2C17.5228 2 22 6.47715 22 12Z\" stroke=\"currentColor\" stroke-width=\"2\" stroke-linecap=\"round\" stroke-linejoin=\"round\"\/>\n<\/svg>  <\/a>\n                                                                                                                                                <a class=\"group inline-flex items-center gap-2 transition-all no-underline! font-semibold group bg-dark-blue text-white px-6 py-3 rounded-sm hover:bg-very-dark-blue\" href=\"\/events\" >\n  \u00c9v\u00e9nements \u00e0 venir\n\n      <svg aria-hidden=\"true\"  class=\"transition-transform translate-x-0 group-hover:translate-x-1\"  xmlns=\"http:\/\/www.w3.org\/2000\/svg\" width=\"24\" height=\"24\" viewBox=\"0 0 24 24\" fill=\"none\">\n  <path d=\"M12 16L16 12M16 12L12 8M16 12H8M22 12C22 17.5228 17.5228 22 12 22C6.47715 22 2 17.5228 2 12C2 6.47715 6.47715 2 12 2C17.5228 2 22 6.47715 22 12Z\" stroke=\"currentColor\" stroke-width=\"2\" stroke-linecap=\"round\" stroke-linejoin=\"round\"\/>\n<\/svg>  <\/a>\n                                                                        <\/div>\n                                                            <\/div>\n        <\/div>\n    <\/div>\n<\/section>\n\n\n<section data-pc-section=\"icons-section\" class=\"pc-block-wrapper pc-block-wrapper--white pc-block-wrapper-top--medium pc-block-wrapper-bottom--medium relative \">\n        <div class=\"pc-container-lg \">\n        \n        <div class=\"\">\n                                                <h2 class=\"mb-4 text-2xl! lg:text-[2rem]! leading-[125%]! font-bold lg:max-w-240\">Joignez-vous au R\u00e9seau d\u2019\u00e9change sur le vieillissement chez soi!<\/h2>\n                                                    <h3 class=\"mb-10 text-xl! lg:text-2xl! leading-[125%]! font-medium lg:max-w-240\" >Nous accueillons les participants qui apportent les \u00e9l\u00e9ments suivants :<\/h3>\n                                \n                \n                <div class=\"grid grid-cols-1 md:grid-cols-2 lg:grid-cols-3 gap-8 mt-10\" data-stagger='true'>\n                                            <div class=\"flex flex-col gap-6\">\n                                                            <div class=\"w-16 h-16 p-4 bg-light-blue rounded-full flex items-center justify-center\">\n                                    <img decoding=\"async\"\n                                        src=\"https:\/\/chf-ca.papercrane.ca\/wp-content\/uploads\/2026\/02\/check-heart.svg\"\n                                        alt=\"\"\n                                        class=\"w-full h-full object-contain\"\n                                    \/>\n                                <\/div>\n                            \n                                                            <div class=\"wysiwyg icon-card-content\"><p><span style=\"font-weight: 400\">Une expertise en mati\u00e8re de vieillissement chez soi;<\/span><\/p>\n<\/div>\n                            \n                                                    <\/div>\n                                            <div class=\"flex flex-col gap-6\">\n                                                            <div class=\"w-16 h-16 p-4 bg-light-blue rounded-full flex items-center justify-center\">\n                                    <img decoding=\"async\"\n                                        src=\"https:\/\/chf-ca.papercrane.ca\/wp-content\/uploads\/2026\/02\/lightbulb-02.svg\"\n                                        alt=\"\"\n                                        class=\"w-full h-full object-contain\"\n                                    \/>\n                                <\/div>\n                            \n                                                            <div class=\"wysiwyg icon-card-content\"><p><span style=\"font-weight: 400\">Un int\u00e9r\u00eat ou un engagement marqu\u00e9 \u00e0 l\u2019\u00e9gard de la question du vieillissement chez soi;<\/span><\/p>\n<\/div>\n                            \n                                                    <\/div>\n                                            <div class=\"flex flex-col gap-6\">\n                                                            <div class=\"w-16 h-16 p-4 bg-light-blue rounded-full flex items-center justify-center\">\n                                    <img decoding=\"async\"\n                                        src=\"https:\/\/chf-ca.papercrane.ca\/wp-content\/uploads\/2026\/02\/heart-hand.svg\"\n                                        alt=\"\"\n                                        class=\"w-full h-full object-contain\"\n                                    \/>\n                                <\/div>\n                            \n                                                            <div class=\"wysiwyg icon-card-content\"><p><span style=\"font-weight: 400\">La volont\u00e9 de partager des id\u00e9es et des exp\u00e9riences.<\/span><\/p>\n<\/div>\n                            \n                                                    <\/div>\n                                    <\/div>\n                    <\/div>\n    <\/div>\n<\/section>\n\n\n<section data-pc-section=\"cta-block\" class=\"pc-block-wrapper pc-block-wrapper--white pc-block-wrapper-top--medium pc-block-wrapper-bottom--medium relative max-lg:bg-very-dark-blue\">\n        <div class=\"pc-container-lg relative overflow-hidden flex flex-col lg:rounded-2xl items-start lg:bg-very-dark-blue text-white py-6 lg:pl-16 lg:pt-16 lg:pr-10 lg:pb-20\">\n    <img decoding=\"async\" src=\"https:\/\/chf-ca.papercrane.ca\/wp-content\/themes\/chf-canada\/public\/build\/assets\/house-bg-DmgzR3B5.svg\" alt=\"\" class=\"hidden lg:block opacity-5 h-104 w-104 absolute -right-16 top-0\" data-parallax-transform>    \n    \n                    <h2 class=\"mb-4 text-[2rem]! lg:text-[3rem]! font-bold leading-[125%]! z-2\">Vous avez des questions?<\/h2>\n                            <h3 class=\"mb-4 text-2xl! lg:text-2xl! leading-[125%]! z-2\">T\u00e9l\u00e9chargez notre guide \u00e9tape par \u00e9tape pour vous aider \u00e0 adh\u00e9rer et \u00e0 participer au R\u00e9seau d\u2019\u00e9change sur le vieillissement chez soi.<\/h3>\n        \n        \n                    <div class=\"flex flex-col lg:flex-row flex-wrap gap-4 justify-center items-center z-2\">\n                                    \n                                            <a class=\"group inline-flex items-center gap-2 transition-all no-underline! font-semibold group bg-dark-blue text-white px-6 py-3 rounded-sm hover:bg-very-dark-blue z-2\" href=\"https:\/\/chf-ca.papercrane.ca\/wp-content\/uploads\/2026\/02\/AIP-Exchange-Network-How-To-Guide.pdf\"  target=\"_self\" >\n  Download the Guide\n\n      <svg aria-hidden=\"true\" xmlns=\"http:\/\/www.w3.org\/2000\/svg\" width=\"24\" height=\"24\" viewBox=\"0 0 24 24\" fill=\"none\">\n  <path d=\"M8 11.9998L12 15.9998M12 15.9998L16 11.9998M12 15.9998V6.79982C12 5.40911 12 4.71376 11.4495 3.93521C11.0837 3.41793 10.0306 2.7795 9.40278 2.69444C8.45789 2.56642 8.09907 2.7536 7.38143 3.12796C4.18333 4.79625 2 8.14306 2 11.9998C2 17.5227 6.47715 21.9998 12 21.9998C17.5228 21.9998 22 17.5227 22 11.9998C22 8.29841 19.989 5.06669 17 3.33764\" stroke=\"currentColor\" stroke-width=\"2\" stroke-linecap=\"round\" stroke-linejoin=\"round\"\/>\n<\/svg>\n  <\/a>\n                                                <\/div>\n            <\/div>\n<\/section>\n\n\n\n<p><\/p>\n\n\n<section data-pc-section=\"cta-with-image\" class=\"pc-block-wrapper pc-block-wrapper--white pc-block-wrapper-top--medium pc-block-wrapper-bottom--medium relative flex justify-end bg-white\">\n        <div class=\"relative flex flex-col-reverse lg:flex-col gap-10 pc-container-lg min-h-192 lg:px-10 justify-end\">\n        <div class=\"bg-white px-4 py-6 lg:bg-white\/90 flex flex-col lg:p-10 z-10 rounded-2xl lg:rounded-b-0 lg:rounded-t-2xl w-full\">\n                            <div class=\"flex flex-col lg:flex-row justify-center gap-10 mb-10\">\n                    <div class=\"flex-1 flex flex-col items-start\" data-stagger='true'>\n                                                <h3 class=\"mb-4 font-bold text-display-md! leading-display-md!\">Devenez membre!<\/h3>\n                        <div class=\"wysiwyg\"><\/div>\n                    <\/div>\n                    <div class=\"flex-1\" data-stagger='true'>\n                                                    <div class=\"wysiwyg\"><p><span style=\"font-weight: 400\">Le R\u00e9seau d\u2019\u00e9change est ouvert aux membres, aux administratrices et administrateurs et au personnel des organisations membres de la FHCC, y compris les coop\u00e9ratives d\u2019habitation, les f\u00e9d\u00e9rations r\u00e9gionales et les soci\u00e9t\u00e9s de gestion immobili\u00e8re. L\u2019adh\u00e9sion est uniquement sur invitation.\u00a0<\/span><\/p>\n<p>&nbsp;<\/p>\n<\/div>\n                                            <\/div>\n                <\/div>\n                <div class=\"flex flex-col items-start\" data-stagger='true'>\n                                            <p class=\"text-lg mb-3\">Pour adh\u00e9rer au r\u00e9seau, veuillez remplir le formulaire de contact.<\/p>\n                                                                <a class=\"group inline-flex items-center gap-2 transition-all no-underline! font-semibold group bg-dark-blue text-white px-6 py-3 rounded-sm hover:bg-very-dark-blue\" href=\"https:\/\/chf-ca.papercrane.ca\/?page_id=173\" >\n  Nous Joindre\n\n      <svg aria-hidden=\"true\"  class=\"transition-transform translate-x-0 group-hover:translate-x-1\"  xmlns=\"http:\/\/www.w3.org\/2000\/svg\" width=\"24\" height=\"24\" viewBox=\"0 0 24 24\" fill=\"none\">\n  <path d=\"M12 16L16 12M16 12L12 8M16 12H8M22 12C22 17.5228 17.5228 22 12 22C6.47715 22 2 17.5228 2 12C2 6.47715 6.47715 2 12 2C17.5228 2 22 6.47715 22 12Z\" stroke=\"currentColor\" stroke-width=\"2\" stroke-linecap=\"round\" stroke-linejoin=\"round\"\/>\n<\/svg>  <\/a>\n                                    <\/div>\n                    <\/div>\n        <img decoding=\"async\" src=\"https:\/\/chf-ca.papercrane.ca\/wp-content\/uploads\/2026\/02\/59461a6e6e9beaa3d987599ee7622903461923c7.webp\" alt=\"\" class=\"static lg:absolute top-0 left-0 w-full h-full max-h-80 lg:max-h-full object-cover z-1 rounded-2xl\" data-parallax-position\/>\n    <\/div>\n<\/section>\n","protected":false},"excerpt":{"rendered":"","protected":false},"author":2,"featured_media":0,"parent":5308,"menu_order":4,"comment_status":"closed","ping_status":"closed","template":"","meta":{"_acf_changed":false,"footnotes":""},"class_list":["post-5312","page","type-page","status-publish","hentry"],"acf":[],"yoast_head":"<!-- This site is optimized with the Yoast SEO plugin v27.2 - https:\/\/yoast.com\/product\/yoast-seo-wordpress\/ -->\n<title>Vieillissement chez soi\u00a0 - CHF Canada<\/title>\n<meta name=\"robots\" content=\"noindex, follow, max-snippet:-1, max-image-preview:large, max-video-preview:-1\" \/>\n<meta property=\"og:locale\" content=\"fr_FR\" \/>\n<meta property=\"og:type\" content=\"article\" \/>\n<meta property=\"og:title\" content=\"Vieillissement chez soi\u00a0 - CHF Canada\" \/>\n<meta property=\"og:url\" content=\"https:\/\/chf-ca.papercrane.ca\/fr\/programmes\/vieillissement-chez-soi\/\" \/>\n<meta property=\"og:site_name\" content=\"CHF Canada\" \/>\n<meta property=\"article:publisher\" content=\"https:\/\/www.facebook.com\/chfcanada\/\" \/>\n<meta property=\"article:modified_time\" content=\"2026-02-25T16:59:18+00:00\" \/>\n<meta name=\"twitter:card\" content=\"summary_large_image\" \/>\n<meta name=\"twitter:site\" content=\"@chfcanada\" \/>\n<script type=\"application\/ld+json\" class=\"yoast-schema-graph\">{\"@context\":\"https:\/\/schema.org\",\"@graph\":[{\"@type\":\"WebPage\",\"@id\":\"https:\/\/chf-ca.papercrane.ca\/fr\/programmes\/vieillissement-chez-soi\/\",\"url\":\"https:\/\/chf-ca.papercrane.ca\/fr\/programmes\/vieillissement-chez-soi\/\",\"name\":\"Vieillissement chez soi\u00a0 - CHF Canada\",\"isPartOf\":{\"@id\":\"https:\/\/chf-ca.papercrane.ca\/#website\"},\"datePublished\":\"2026-01-28T18:28:32+00:00\",\"dateModified\":\"2026-02-25T16:59:18+00:00\",\"breadcrumb\":{\"@id\":\"https:\/\/chf-ca.papercrane.ca\/fr\/programmes\/vieillissement-chez-soi\/#breadcrumb\"},\"inLanguage\":\"fr-FR\",\"potentialAction\":[{\"@type\":\"ReadAction\",\"target\":[\"https:\/\/chf-ca.papercrane.ca\/fr\/programmes\/vieillissement-chez-soi\/\"]}]},{\"@type\":\"BreadcrumbList\",\"@id\":\"https:\/\/chf-ca.papercrane.ca\/fr\/programmes\/vieillissement-chez-soi\/#breadcrumb\",\"itemListElement\":[{\"@type\":\"ListItem\",\"position\":1,\"name\":\"Home\",\"item\":\"https:\/\/chf-ca.papercrane.ca\/fr\/\"},{\"@type\":\"ListItem\",\"position\":2,\"name\":\"Programmes\",\"item\":\"https:\/\/chf-ca.papercrane.ca\/fr\/programmes\/\"},{\"@type\":\"ListItem\",\"position\":3,\"name\":\"Vieillissement chez soi\u00a0\"}]},{\"@type\":\"WebSite\",\"@id\":\"https:\/\/chf-ca.papercrane.ca\/#website\",\"url\":\"https:\/\/chf-ca.papercrane.ca\/\",\"name\":\"Co-operative Housing Federation Of Canada\",\"description\":\"CHF Canada\",\"publisher\":{\"@id\":\"https:\/\/chf-ca.papercrane.ca\/#organization\"},\"potentialAction\":[{\"@type\":\"SearchAction\",\"target\":{\"@type\":\"EntryPoint\",\"urlTemplate\":\"https:\/\/chf-ca.papercrane.ca\/?s={search_term_string}\"},\"query-input\":{\"@type\":\"PropertyValueSpecification\",\"valueRequired\":true,\"valueName\":\"search_term_string\"}}],\"inLanguage\":\"fr-FR\"},{\"@type\":\"Organization\",\"@id\":\"https:\/\/chf-ca.papercrane.ca\/#organization\",\"name\":\"Co-operative Housing Federation Of Canada\",\"url\":\"https:\/\/chf-ca.papercrane.ca\/\",\"logo\":{\"@type\":\"ImageObject\",\"inLanguage\":\"fr-FR\",\"@id\":\"https:\/\/chf-ca.papercrane.ca\/#\/schema\/logo\/image\/\",\"url\":\"https:\/\/chf-ca.papercrane.ca\/wp-content\/uploads\/2026\/02\/logo.svg\",\"contentUrl\":\"https:\/\/chf-ca.papercrane.ca\/wp-content\/uploads\/2026\/02\/logo.svg\",\"width\":1,\"height\":1,\"caption\":\"Co-operative Housing Federation Of Canada\"},\"image\":{\"@id\":\"https:\/\/chf-ca.papercrane.ca\/#\/schema\/logo\/image\/\"},\"sameAs\":[\"https:\/\/www.facebook.com\/chfcanada\/\",\"https:\/\/x.com\/chfcanada\",\"https:\/\/www.instagram.com\/chfcanada\/\",\"https:\/\/www.linkedin.com\/company\/chf-canada\"]}]}<\/script>\n<!-- \/ Yoast SEO plugin. -->","yoast_head_json":{"title":"Vieillissement chez soi\u00a0 - CHF Canada","robots":{"index":"noindex","follow":"follow","max-snippet":"max-snippet:-1","max-image-preview":"max-image-preview:large","max-video-preview":"max-video-preview:-1"},"og_locale":"fr_FR","og_type":"article","og_title":"Vieillissement chez soi\u00a0 - CHF Canada","og_url":"https:\/\/chf-ca.papercrane.ca\/fr\/programmes\/vieillissement-chez-soi\/","og_site_name":"CHF Canada","article_publisher":"https:\/\/www.facebook.com\/chfcanada\/","article_modified_time":"2026-02-25T16:59:18+00:00","twitter_card":"summary_large_image","twitter_site":"@chfcanada","schema":{"@context":"https:\/\/schema.org","@graph":[{"@type":"WebPage","@id":"https:\/\/chf-ca.papercrane.ca\/fr\/programmes\/vieillissement-chez-soi\/","url":"https:\/\/chf-ca.papercrane.ca\/fr\/programmes\/vieillissement-chez-soi\/","name":"Vieillissement chez soi\u00a0 - CHF Canada","isPartOf":{"@id":"https:\/\/chf-ca.papercrane.ca\/#website"},"datePublished":"2026-01-28T18:28:32+00:00","dateModified":"2026-02-25T16:59:18+00:00","breadcrumb":{"@id":"https:\/\/chf-ca.papercrane.ca\/fr\/programmes\/vieillissement-chez-soi\/#breadcrumb"},"inLanguage":"fr-FR","potentialAction":[{"@type":"ReadAction","target":["https:\/\/chf-ca.papercrane.ca\/fr\/programmes\/vieillissement-chez-soi\/"]}]},{"@type":"BreadcrumbList","@id":"https:\/\/chf-ca.papercrane.ca\/fr\/programmes\/vieillissement-chez-soi\/#breadcrumb","itemListElement":[{"@type":"ListItem","position":1,"name":"Home","item":"https:\/\/chf-ca.papercrane.ca\/fr\/"},{"@type":"ListItem","position":2,"name":"Programmes","item":"https:\/\/chf-ca.papercrane.ca\/fr\/programmes\/"},{"@type":"ListItem","position":3,"name":"Vieillissement chez soi\u00a0"}]},{"@type":"WebSite","@id":"https:\/\/chf-ca.papercrane.ca\/#website","url":"https:\/\/chf-ca.papercrane.ca\/","name":"Co-operative Housing Federation Of Canada","description":"CHF Canada","publisher":{"@id":"https:\/\/chf-ca.papercrane.ca\/#organization"},"potentialAction":[{"@type":"SearchAction","target":{"@type":"EntryPoint","urlTemplate":"https:\/\/chf-ca.papercrane.ca\/?s={search_term_string}"},"query-input":{"@type":"PropertyValueSpecification","valueRequired":true,"valueName":"search_term_string"}}],"inLanguage":"fr-FR"},{"@type":"Organization","@id":"https:\/\/chf-ca.papercrane.ca\/#organization","name":"Co-operative Housing Federation Of Canada","url":"https:\/\/chf-ca.papercrane.ca\/","logo":{"@type":"ImageObject","inLanguage":"fr-FR","@id":"https:\/\/chf-ca.papercrane.ca\/#\/schema\/logo\/image\/","url":"https:\/\/chf-ca.papercrane.ca\/wp-content\/uploads\/2026\/02\/logo.svg","contentUrl":"https:\/\/chf-ca.papercrane.ca\/wp-content\/uploads\/2026\/02\/logo.svg","width":1,"height":1,"caption":"Co-operative Housing Federation Of Canada"},"image":{"@id":"https:\/\/chf-ca.papercrane.ca\/#\/schema\/logo\/image\/"},"sameAs":["https:\/\/www.facebook.com\/chfcanada\/","https:\/\/x.com\/chfcanada","https:\/\/www.instagram.com\/chfcanada\/","https:\/\/www.linkedin.com\/company\/chf-canada"]}]}},"_links":{"self":[{"href":"https:\/\/chf-ca.papercrane.ca\/fr\/wp-json\/wp\/v2\/pages\/5312","targetHints":{"allow":["GET"]}}],"collection":[{"href":"https:\/\/chf-ca.papercrane.ca\/fr\/wp-json\/wp\/v2\/pages"}],"about":[{"href":"https:\/\/chf-ca.papercrane.ca\/fr\/wp-json\/wp\/v2\/types\/page"}],"author":[{"embeddable":true,"href":"https:\/\/chf-ca.papercrane.ca\/fr\/wp-json\/wp\/v2\/users\/2"}],"replies":[{"embeddable":true,"href":"https:\/\/chf-ca.papercrane.ca\/fr\/wp-json\/wp\/v2\/comments?post=5312"}],"version-history":[{"count":1,"href":"https:\/\/chf-ca.papercrane.ca\/fr\/wp-json\/wp\/v2\/pages\/5312\/revisions"}],"predecessor-version":[{"id":5318,"href":"https:\/\/chf-ca.papercrane.ca\/fr\/wp-json\/wp\/v2\/pages\/5312\/revisions\/5318"}],"up":[{"embeddable":true,"href":"https:\/\/chf-ca.papercrane.ca\/fr\/wp-json\/wp\/v2\/pages\/5308"}],"wp:attachment":[{"href":"https:\/\/chf-ca.papercrane.ca\/fr\/wp-json\/wp\/v2\/media?parent=5312"}],"curies":[{"name":"wp","href":"https:\/\/api.w.org\/{rel}","templated":true}]}}